{"id":1915,"date":"2025-04-04T13:51:51","date_gmt":"2025-04-04T11:51:51","guid":{"rendered":"https:\/\/cnth.org\/wordpress\/formation\/"},"modified":"2026-03-25T13:31:35","modified_gmt":"2026-03-25T12:31:35","slug":"formation","status":"publish","type":"page","link":"https:\/\/cnth.org\/wordpress\/formation\/","title":{"rendered":"Formation moniteur"},"content":{"rendered":"\n  \n    \n    <section class=\"skrollable skrollable-between u-align-center u-clearfix u-container-align-center u-image u-shading u-section-2\" id=\"sec-6d4d\" src=\"\" data-image-width=\"4608\" data-image-height=\"3072\" style=\"background-image: linear-gradient(0deg, rgba(0, 0, 0, 0.5), rgba(0, 0, 0, 0.5)), url(&quot;https:\/\/cnth.org\/wordpress\/wp-content\/uploads\/2025\/04\/2021-04VoileTrouville12.jpg&quot;);\">\n      <div class=\"u-clearfix u-sheet u-sheet-1\">\n        <h1 class=\"u-align-left u-text u-text-1\">Devenir moniteur<\/h1>\n        <div class=\"u-container-style u-group u-shape-rectangle u-group-1\">\n          <div class=\"u-container-layout u-container-layout-1\">\n            <p class=\"u-text u-text-2\"> Vous\n\u00eates passionn\u00e9s par la voile, vous avez un bon niveau de pratique, vous avez 16\nans? Alors devenez moniteur de voile!<br>Cette\nqualification est reconnue; elle vous permet de travailler pendant les vacances scolaires\net d\u2019intervenir sur des publics loisirs et scolaires contre r\u00e9mun\u00e9ration.<br>\n              <br><b>La formation\np\u00e9dagogique&nbsp;:<\/b>&nbsp;<br>Elle se d\u00e9roule en g\u00e9n\u00e9rale sur une ann\u00e9e pendant les\nvacances scolaires&nbsp;: Le&nbsp;parcours de formation se\nd\u00e9roule en centre de formation et en entreprise pour une dur\u00e9e totale de 269\nheures dont 150 heures en organisme de formation et au minimum 119 heures en\nentreprise. Ce programme couvre l'ensemble des 3 blocs de comp\u00e9tences\npermettant de s\u00e9curiser, d'animer et d'enseigner la voile.&nbsp;<br> Ce volume horaire est minor\u00e9 au regard des blocs de comp\u00e9tences d\u2019ores et d\u00e9j\u00e0\nobtenus par le candidat, ou peut l\u2019\u00eatre au regard des all\u00e8gements de formation\n\u00e9tablis lors du positionnement.<br>\n              <br><b>Les pr\u00e9-requis sont&nbsp;:<\/b>\n            <\/p>\n            <ul class=\"u-text u-text-3\">\n              <li> De la Licence club FFVoile en cours de\nvalidit\u00e9 portant la mention \"pratiquant \" ou \"comp\u00e9tition\"\net\/ou d'un certificat m\u00e9dical en cours validit\u00e9 <\/li>\n              <li> Du niveau technique 4 sur un des\nsupports de la voile <\/li>\n              <li> D'un dipl\u00f4me de secourisme (PSC ou\n\u00e9quivalent) <\/li>\n              <li> D'une attestation de natation justifiant de\nsa capacit\u00e9 \u00e0 nager 25 m\u00e8tres et \u00e0 s'immerger <\/li>\n              <li> Du permis Bateaux <\/li>\n              <li> D'une pi\u00e8ce\nd'identit\u00e9 <\/li>\n            <\/ul>\n          <\/div>\n        <\/div>\n        <a href=\"https:\/\/www.cnth.org\/documents\/formation-moniteur-2026.pdf\" class=\"u-border-none u-btn u-btn-round u-button-style u-hover-palette-1-base u-palette-1-dark-1 u-radius u-btn-1\" target=\"_blank\">parcours de formation <\/a>\n      <\/div>\n      <style data-mode=\"XXL\" data-visited=\"true\">@media (max-width: 0px) {\n   .u-section-2 {\n    background-image: linear-gradient(0deg, rgba(0, 0, 0, 0.3), rgba(0, 0, 0, 0.3)), url('https:\/\/cnth.org\/wordpress\/wp-content\/uploads\/2025\/04\/smart-pensive-redhead-hipster-with-full-beard-glasses-dressed-casual-clothes-poses-with-hand-chin-studio-isolated-dark-background5-min.jpg');\n    background-position: 50% 50%;\n  }\n  .u-section-2 .u-sheet-1 {\n    min-height: 792px;\n  }\n  .u-section-2 .u-text-1 {\n    text-shadow: 2px 2px 8px rgba(0,0,0,0.4);\n    --animation-custom_in-translate_x: 300px;\n    --animation-custom_in-translate_y: 0px;\n    --animation-custom_in-opacity: 0;\n    --animation-custom_in-rotate: 0deg;\n    --animation-custom_in-scale: 0.3;\n    font-size: 5.625rem;\n    text-transform: uppercase;\n    font-weight: 700;\n    margin-top: 60px;\n    margin-right: 525px;\n    margin-bottom: 0;\n    margin-left: 0;\n  }\n  .u-block-937e-39 {\n    text-shadow: 2px 2px 8px rgba(0,0,0,0.4);\n    --animation-custom_in-translate_x: 300px;\n    --animation-custom_in-translate_y: 0px;\n    --animation-custom_in-opacity: 0;\n    --animation-custom_in-rotate: 0deg;\n    --animation-custom_in-scale: 0.3;\n    margin-top: 30px;\n    margin-right: 525px;\n    margin-bottom: 0;\n    margin-left: 0;\n  }\n  .u-block-937e-10 {\n    text-transform: uppercase;\n    font-weight: 700;\n    letter-spacing: 2px;\n    font-size: 1rem;\n    background-image: none;\n    --animation-custom_in-translate_x: 300px;\n    --animation-custom_in-translate_y: 0px;\n    --animation-custom_in-opacity: 0;\n    --animation-custom_in-rotate: 0deg;\n    --animation-custom_in-scale: 1;\n    margin-top: 45px;\n    margin-right: auto;\n    margin-bottom: 0;\n    margin-left: 0;\n    padding-top: 18px;\n    padding-right: 42px;\n    padding-bottom: 18px;\n    padding-left: 41px;\n  }\n  .u-block-937e-40 {\n    --animation-custom_in-translate_x: 300px;\n    --animation-custom_in-translate_y: 0px;\n    --animation-custom_in-opacity: 0;\n    --animation-custom_in-rotate: 0deg;\n    --animation-custom_in-scale: 0.3;\n    margin-top: 45px;\n    margin-right: auto;\n    margin-bottom: 60px;\n    margin-left: 0;\n  }\n  .u-block-937e-41 {\n    background-image: none;\n    border-style: solid;\n    margin-left: auto;\n    padding-top: 0;\n    padding-bottom: 0;\n    padding-left: 0;\n    padding-right: 0;\n  }\n}<\/style>\n    <\/section>\n    <section class=\"u-clearfix u-container-align-center u-valign-bottom-xl u-valign-middle-lg u-valign-middle-md u-valign-middle-sm u-valign-middle-xs u-section-3\" id=\"sec-240e\">\n      <div class=\"data-layout-selected u-clearfix u-expanded-width u-layout-wrap u-layout-wrap-1\">\n        <div class=\"u-layout\">\n          <div class=\"u-layout-col\">\n            <div class=\"u-container-style u-image u-layout-cell u-shading u-size-30 u-image-1\" data-image-width=\"2821\" data-image-height=\"1418\" style=\"background-image: linear-gradient(rgba(0, 0, 0, 0.25), rgba(0, 0, 0, 0.25)), url(&quot;https:\/\/cnth.org\/wordpress\/wp-content\/uploads\/2025\/04\/edea0e72a1899daf76a5d8f75a2b5f296c487b45900a746e81a6edf3cbdd96c28a8c1ab92080d18bcdab517f23f3032dee7fd5e601f4d6cd38ad57_1280.jpg&quot;);\">\n              <div class=\"u-container-layout u-container-layout-1\"><\/div>\n            <\/div>\n            <div class=\"u-container-align-center u-container-style u-layout-cell u-palette-1-dark-1 u-size-30 u-layout-cell-2\">\n              <div class=\"u-container-layout u-container-layout-2\">\n                <div class=\"custom-expanded u-list u-list-1\">\n                  <div class=\"u-repeater u-repeater-1\">\n                    <div class=\"u-align-center u-container-align-center u-container-style u-list-item u-radius u-repeater-item u-shape-round u-white u-list-item-1\">\n                      <div class=\"u-container-layout u-similar-container u-container-layout-3\">\n                        <a href=\"http:\/\/www.ffvoile.fr\/ffv\/web\/services\/formation\/documents\/FFV_flyer_moniteur_mars2024.pdf\" class=\"u-align-center u-border-none u-btn u-btn-round u-button-style u-hover-palette-1-base u-palette-1-dark-1 u-radius u-btn-1\" title=\"Devenir Moniteur\" target=\"_blank\">devenir moniteur <\/a>\n                      <\/div>\n                    <\/div>\n                    <div class=\"u-align-center u-container-align-center u-container-style u-list-item u-radius u-repeater-item u-shape-round u-white u-list-item-2\">\n                      <div class=\"u-container-layout u-similar-container u-container-layout-4\">\n                        <a href=\"http:\/\/ffvoile.fr\/ffv\/web\/services\/formation\/documents\/RDD_Annexe_5.pdf\" class=\"u-align-center u-border-none u-btn u-btn-round u-button-style u-hover-palette-1-base u-palette-1-dark-1 u-radius u-btn-2\" title=\"R\u00e9f\u00e9rentiel de certification\" target=\"_blank\">uccs <\/a>\n                      <\/div>\n                    <\/div>\n                    <div class=\"u-align-center u-container-align-center u-container-style u-list-item u-radius u-repeater-item u-shape-round u-white u-list-item-3\">\n                      <div class=\"u-container-layout u-similar-container u-container-layout-5\">\n                        <a href=\"https:\/\/cnth.org\/wordpress\/fr\/home\/\" class=\"u-align-center u-border-none u-btn u-btn-round u-button-style u-hover-palette-1-base u-palette-1-dark-1 u-radius u-btn-3\" title=\"Home\">accueil <\/a>\n                      <\/div>\n                    <\/div>\n                  <\/div>\n                <\/div>\n              <\/div>\n            <\/div>\n          <\/div>\n        <\/div>\n      <\/div>\n    <\/section>\n    \n    \n    \n  \n","protected":false},"excerpt":{"rendered":"<p>Devenir moniteur Vous \u00eates passionn\u00e9s par la voile, vous avez un bon niveau de pratique, vous avez 16 ans? Alors devenez moniteur de voile!Cette qualification est reconnue; elle vous permet de travailler pendant les vacances scolaires et d\u2019intervenir sur des publics loisirs et scolaires contre r\u00e9mun\u00e9ration. La formation p\u00e9dagogique&nbsp;:&nbsp;Elle se d\u00e9roule en g\u00e9n\u00e9rale sur une &hellip; <a href=\"https:\/\/cnth.org\/wordpress\/formation\/\" class=\"more-link\">Continue reading<span class=\"screen-reader-text\"> \u00ab\u00a0Formation moniteur\u00a0\u00bb<\/span><\/a><\/p>\n","protected":false},"author":1,"featured_media":1903,"parent":0,"menu_order":2,"comment_status":"closed","ping_status":"closed","template":"","meta":{"footnotes":""},"class_list":["post-1915","page","type-page","status-publish","has-post-thumbnail","hentry"],"yoast_head":"<!-- This site is optimized with the Yoast SEO plugin v27.2 - https:\/\/yoast.com\/product\/yoast-seo-wordpress\/ -->\n<title>Formation moniteur - CNTH<\/title>\n<meta name=\"description\" content=\"Vous \u00eates passionn\u00e9s par la voile, vous avez un bon niveau de pratique, vous avez 16 ans? Alors faites la formation moniteur de voile!\" \/>\n<meta name=\"robots\" content=\"index, follow, max-snippet:-1, max-image-preview:large, max-video-preview:-1\" \/>\n<link rel=\"canonical\" href=\"https:\/\/cnth.org\/wordpress\/formation\/\" \/>\n<meta property=\"og:locale\" content=\"fr_FR\" \/>\n<meta property=\"og:type\" content=\"article\" \/>\n<meta property=\"og:title\" content=\"Formation moniteur - CNTH\" \/>\n<meta property=\"og:description\" content=\"Vous \u00eates passionn\u00e9s par la voile, vous avez un bon niveau de pratique, vous avez 16 ans? Alors faites la formation moniteur de voile!\" \/>\n<meta property=\"og:url\" content=\"https:\/\/cnth.org\/wordpress\/formation\/\" \/>\n<meta property=\"og:site_name\" content=\"CNTH\" \/>\n<meta property=\"article:modified_time\" content=\"2026-03-25T12:31:35+00:00\" \/>\n<meta property=\"og:image\" content=\"https:\/\/cnth.org\/wordpress\/wp-content\/uploads\/2025\/04\/2021-04VoileTrouville12.jpg\" \/>\n\t<meta property=\"og:image:width\" content=\"1920\" \/>\n\t<meta property=\"og:image:height\" content=\"1280\" \/>\n\t<meta property=\"og:image:type\" content=\"image\/jpeg\" \/>\n<meta name=\"twitter:card\" content=\"summary_large_image\" \/>\n<meta name=\"twitter:label1\" content=\"Dur\u00e9e de lecture estim\u00e9e\" \/>\n\t<meta name=\"twitter:data1\" content=\"2 minutes\" \/>\n<script type=\"application\/ld+json\" class=\"yoast-schema-graph\">{\"@context\":\"https:\/\/schema.org\",\"@graph\":[{\"@type\":\"WebPage\",\"@id\":\"https:\/\/cnth.org\/wordpress\/formation\/\",\"url\":\"https:\/\/cnth.org\/wordpress\/formation\/\",\"name\":\"Formation moniteur - CNTH\",\"isPartOf\":{\"@id\":\"https:\/\/cnth.org\/wordpress\/en\/#website\"},\"primaryImageOfPage\":{\"@id\":\"https:\/\/cnth.org\/wordpress\/formation\/#primaryimage\"},\"image\":{\"@id\":\"https:\/\/cnth.org\/wordpress\/formation\/#primaryimage\"},\"thumbnailUrl\":\"https:\/\/cnth.org\/wordpress\/wp-content\/uploads\/2025\/04\/2021-04VoileTrouville12.jpg\",\"datePublished\":\"2025-04-04T11:51:51+00:00\",\"dateModified\":\"2026-03-25T12:31:35+00:00\",\"description\":\"Vous \u00eates passionn\u00e9s par la voile, vous avez un bon niveau de pratique, vous avez 16 ans? Alors faites la formation moniteur de voile!\",\"breadcrumb\":{\"@id\":\"https:\/\/cnth.org\/wordpress\/formation\/#breadcrumb\"},\"inLanguage\":\"fr-FR\",\"potentialAction\":[{\"@type\":\"ReadAction\",\"target\":[\"https:\/\/cnth.org\/wordpress\/formation\/\"]}]},{\"@type\":\"ImageObject\",\"inLanguage\":\"fr-FR\",\"@id\":\"https:\/\/cnth.org\/wordpress\/formation\/#primaryimage\",\"url\":\"https:\/\/cnth.org\/wordpress\/wp-content\/uploads\/2025\/04\/2021-04VoileTrouville12.jpg\",\"contentUrl\":\"https:\/\/cnth.org\/wordpress\/wp-content\/uploads\/2025\/04\/2021-04VoileTrouville12.jpg\",\"width\":1920,\"height\":1280},{\"@type\":\"BreadcrumbList\",\"@id\":\"https:\/\/cnth.org\/wordpress\/formation\/#breadcrumb\",\"itemListElement\":[{\"@type\":\"ListItem\",\"position\":1,\"name\":\"Accueil\",\"item\":\"https:\/\/cnth.org\/wordpress\/\"},{\"@type\":\"ListItem\",\"position\":2,\"name\":\"Formation moniteur\"}]},{\"@type\":\"WebSite\",\"@id\":\"https:\/\/cnth.org\/wordpress\/en\/#website\",\"url\":\"https:\/\/cnth.org\/wordpress\/en\/\",\"name\":\"CNTH\",\"description\":\"Club Nautique de Trouville-Hennequeville\",\"publisher\":{\"@id\":\"https:\/\/cnth.org\/wordpress\/en\/#organization\"},\"alternateName\":\"Voile en Normandie - CNTH\",\"potentialAction\":[{\"@type\":\"SearchAction\",\"target\":{\"@type\":\"EntryPoint\",\"urlTemplate\":\"https:\/\/cnth.org\/wordpress\/en\/?s={search_term_string}\"},\"query-input\":{\"@type\":\"PropertyValueSpecification\",\"valueRequired\":true,\"valueName\":\"search_term_string\"}}],\"inLanguage\":\"fr-FR\"},{\"@type\":\"Organization\",\"@id\":\"https:\/\/cnth.org\/wordpress\/en\/#organization\",\"name\":\"CNTH\",\"url\":\"https:\/\/cnth.org\/wordpress\/en\/\",\"logo\":{\"@type\":\"ImageObject\",\"inLanguage\":\"fr-FR\",\"@id\":\"https:\/\/cnth.org\/wordpress\/en\/#\/schema\/logo\/image\/\",\"url\":\"https:\/\/cnth.org\/wordpress\/wp-content\/uploads\/2017\/06\/logo-sur-fond-transparent.png\",\"contentUrl\":\"https:\/\/cnth.org\/wordpress\/wp-content\/uploads\/2017\/06\/logo-sur-fond-transparent.png\",\"width\":249,\"height\":243,\"caption\":\"CNTH\"},\"image\":{\"@id\":\"https:\/\/cnth.org\/wordpress\/en\/#\/schema\/logo\/image\/\"}}]}<\/script>\n<!-- \/ Yoast SEO plugin. -->","yoast_head_json":{"title":"Formation moniteur - CNTH","description":"Vous \u00eates passionn\u00e9s par la voile, vous avez un bon niveau de pratique, vous avez 16 ans? Alors faites la formation moniteur de voile!","robots":{"index":"index","follow":"follow","max-snippet":"max-snippet:-1","max-image-preview":"max-image-preview:large","max-video-preview":"max-video-preview:-1"},"canonical":"https:\/\/cnth.org\/wordpress\/formation\/","og_locale":"fr_FR","og_type":"article","og_title":"Formation moniteur - CNTH","og_description":"Vous \u00eates passionn\u00e9s par la voile, vous avez un bon niveau de pratique, vous avez 16 ans? Alors faites la formation moniteur de voile!","og_url":"https:\/\/cnth.org\/wordpress\/formation\/","og_site_name":"CNTH","article_modified_time":"2026-03-25T12:31:35+00:00","og_image":[{"width":1920,"height":1280,"url":"https:\/\/cnth.org\/wordpress\/wp-content\/uploads\/2025\/04\/2021-04VoileTrouville12.jpg","type":"image\/jpeg"}],"twitter_card":"summary_large_image","twitter_misc":{"Dur\u00e9e de lecture estim\u00e9e":"2 minutes"},"schema":{"@context":"https:\/\/schema.org","@graph":[{"@type":"WebPage","@id":"https:\/\/cnth.org\/wordpress\/formation\/","url":"https:\/\/cnth.org\/wordpress\/formation\/","name":"Formation moniteur - CNTH","isPartOf":{"@id":"https:\/\/cnth.org\/wordpress\/en\/#website"},"primaryImageOfPage":{"@id":"https:\/\/cnth.org\/wordpress\/formation\/#primaryimage"},"image":{"@id":"https:\/\/cnth.org\/wordpress\/formation\/#primaryimage"},"thumbnailUrl":"https:\/\/cnth.org\/wordpress\/wp-content\/uploads\/2025\/04\/2021-04VoileTrouville12.jpg","datePublished":"2025-04-04T11:51:51+00:00","dateModified":"2026-03-25T12:31:35+00:00","description":"Vous \u00eates passionn\u00e9s par la voile, vous avez un bon niveau de pratique, vous avez 16 ans? Alors faites la formation moniteur de voile!","breadcrumb":{"@id":"https:\/\/cnth.org\/wordpress\/formation\/#breadcrumb"},"inLanguage":"fr-FR","potentialAction":[{"@type":"ReadAction","target":["https:\/\/cnth.org\/wordpress\/formation\/"]}]},{"@type":"ImageObject","inLanguage":"fr-FR","@id":"https:\/\/cnth.org\/wordpress\/formation\/#primaryimage","url":"https:\/\/cnth.org\/wordpress\/wp-content\/uploads\/2025\/04\/2021-04VoileTrouville12.jpg","contentUrl":"https:\/\/cnth.org\/wordpress\/wp-content\/uploads\/2025\/04\/2021-04VoileTrouville12.jpg","width":1920,"height":1280},{"@type":"BreadcrumbList","@id":"https:\/\/cnth.org\/wordpress\/formation\/#breadcrumb","itemListElement":[{"@type":"ListItem","position":1,"name":"Accueil","item":"https:\/\/cnth.org\/wordpress\/"},{"@type":"ListItem","position":2,"name":"Formation moniteur"}]},{"@type":"WebSite","@id":"https:\/\/cnth.org\/wordpress\/en\/#website","url":"https:\/\/cnth.org\/wordpress\/en\/","name":"CNTH","description":"Club Nautique de Trouville-Hennequeville","publisher":{"@id":"https:\/\/cnth.org\/wordpress\/en\/#organization"},"alternateName":"Voile en Normandie - CNTH","potentialAction":[{"@type":"SearchAction","target":{"@type":"EntryPoint","urlTemplate":"https:\/\/cnth.org\/wordpress\/en\/?s={search_term_string}"},"query-input":{"@type":"PropertyValueSpecification","valueRequired":true,"valueName":"search_term_string"}}],"inLanguage":"fr-FR"},{"@type":"Organization","@id":"https:\/\/cnth.org\/wordpress\/en\/#organization","name":"CNTH","url":"https:\/\/cnth.org\/wordpress\/en\/","logo":{"@type":"ImageObject","inLanguage":"fr-FR","@id":"https:\/\/cnth.org\/wordpress\/en\/#\/schema\/logo\/image\/","url":"https:\/\/cnth.org\/wordpress\/wp-content\/uploads\/2017\/06\/logo-sur-fond-transparent.png","contentUrl":"https:\/\/cnth.org\/wordpress\/wp-content\/uploads\/2017\/06\/logo-sur-fond-transparent.png","width":249,"height":243,"caption":"CNTH"},"image":{"@id":"https:\/\/cnth.org\/wordpress\/en\/#\/schema\/logo\/image\/"}}]}},"_links":{"self":[{"href":"https:\/\/cnth.org\/wordpress\/wp-json\/wp\/v2\/pages\/1915","targetHints":{"allow":["GET"]}}],"collection":[{"href":"https:\/\/cnth.org\/wordpress\/wp-json\/wp\/v2\/pages"}],"about":[{"href":"https:\/\/cnth.org\/wordpress\/wp-json\/wp\/v2\/types\/page"}],"author":[{"embeddable":true,"href":"https:\/\/cnth.org\/wordpress\/wp-json\/wp\/v2\/users\/1"}],"replies":[{"embeddable":true,"href":"https:\/\/cnth.org\/wordpress\/wp-json\/wp\/v2\/comments?post=1915"}],"version-history":[{"count":6,"href":"https:\/\/cnth.org\/wordpress\/wp-json\/wp\/v2\/pages\/1915\/revisions"}],"predecessor-version":[{"id":2114,"href":"https:\/\/cnth.org\/wordpress\/wp-json\/wp\/v2\/pages\/1915\/revisions\/2114"}],"wp:featuredmedia":[{"embeddable":true,"href":"https:\/\/cnth.org\/wordpress\/wp-json\/wp\/v2\/media\/1903"}],"wp:attachment":[{"href":"https:\/\/cnth.org\/wordpress\/wp-json\/wp\/v2\/media?parent=1915"}],"curies":[{"name":"wp","href":"https:\/\/api.w.org\/{rel}","templated":true}]}}