{"id":1918,"date":"2025-04-04T13:51:54","date_gmt":"2025-04-04T11:51:54","guid":{"rendered":"https:\/\/cnth.org\/wordpress\/home\/"},"modified":"2026-03-25T14:29:14","modified_gmt":"2026-03-25T13:29:14","slug":"home","status":"publish","type":"page","link":"https:\/\/cnth.org\/wordpress\/","title":{"rendered":"Voile en Normandie &#8211; CNTH"},"content":{"rendered":"\n  \n    \n    <section class=\"u-clearfix u-container-align-center u-valign-middle-lg u-valign-middle-md u-valign-middle-sm u-section-2\" id=\"sec-01c6\">\n      <img decoding=\"async\" class=\"u-expanded-width u-image u-image-1\" src=\"https:\/\/cnth.org\/wordpress\/wp-content\/uploads\/2025\/04\/Headerbienvenue.png\" data-image-width=\"1024\" data-image-height=\"277\" alt=\"Voile en Normandie\">\n      <div class=\"u-align-center u-container-align-center u-container-style u-group u-radius u-shape-round u-white u-group-1\">\n        <div class=\"u-container-layout u-container-layout-1\">\n          <h1 class=\"u-align-center u-text u-text-1\">Club Nautique de<br>Trouville-Hennequeville \n          <\/h1>\n          <p class=\"u-align-center u-large-text u-text u-text-variant u-text-2\">Un espace de vie<\/p>\n          <p class=\"u-align-center u-text u-text-3\">Notre club est situ\u00e9 sur la plage de Trouville-sur-Mer. On y pratique la voile sous toutes ses formes\n : catamaran, planche \u00e0 voile, speed-sail, char \u00e0 voile et d\u00e9riveur.&nbsp;<br>\n            <br>&nbsp; Le CNTH est  une association loi 1901, affili\u00e9e aux f\u00e9d\u00e9rations fran\u00e7aises de Voile (FFV) et de Char \u00e0 Voile (FFCV) et agr\u00e9\u00e9e par la Direction Jeunesse et Sport. Il a re\u00e7u le label \u00abEcole Fran\u00e7aise de Voile\u00bb pour la qualit\u00e9 de son \nenseignement, sa s\u00e9curit\u00e9, et l\u2019excellent niveau de ses \u00e9quipements. Le CNTH est reconnu d'int\u00e9r\u00eat g\u00e9n\u00e9ral. \n          <\/p>\n        <\/div>\n      <\/div>\n    <\/section>\n    <section class=\"u-align-center u-clearfix u-container-align-center u-palette-1-dark-1 u-section-3\" id=\"sec-4385\">\n      <div class=\"u-expanded-width u-radius u-shape u-shape-round u-white u-shape-1\"><\/div>\n      <div class=\"data-layout-selected u-clearfix u-gutter-58 u-layout-wrap u-layout-wrap-1\">\n        <div class=\"u-layout\" style=\"\">\n          <div class=\"u-layout-row\" style=\"\">\n            <div class=\"u-align-center u-container-align-center u-container-style u-image u-image-round u-layout-cell u-left-cell u-radius u-size-30-lg u-size-30-xl u-size-60-md u-size-60-sm u-size-60-xs u-size-xs-60 u-image-1\" src=\"\" data-image-width=\"3840\" data-image-height=\"2160\" style=\"background-image: url(&quot;https:\/\/cnth.org\/wordpress\/wp-content\/uploads\/2025\/04\/image6.jpg&quot;);\">\n              <div class=\"u-container-layout u-valign-top u-container-layout-1\" src=\"\"><\/div>\n            <\/div>\n            <div class=\"u-align-left u-container-align-left u-container-style u-layout-cell u-radius u-right-cell u-shape-round u-size-30-lg u-size-30-xl u-size-60-md u-size-60-sm u-size-60-xs u-size-xs-60 u-white u-layout-cell-2\">\n              <div class=\"u-container-layout u-valign-bottom-xs u-valign-top-md u-container-layout-2\">\n                <div class=\"u-expanded-width u-layout-grid u-list u-list-1\">\n                  <div class=\"u-repeater u-repeater-1\">\n                    <div class=\"u-container-style u-list-item u-repeater-item\">\n                      <div class=\"u-container-layout u-similar-container u-valign-top-xs u-container-layout-3\"><span class=\"u-align-center u-file-icon u-icon u-text-palette-1-dark-1 u-icon-1\"><img decoding=\"async\" src=\"https:\/\/cnth.org\/wordpress\/wp-content\/uploads\/2025\/04\/7b10dec5.png\" alt=\"\"><\/span>\n                        <a href=\"https:\/\/www.instagram.com\/cntrouvillehennequeville\/\" class=\"u-align-center u-border-none u-btn u-button-style u-hover-custom-color-1 u-palette-1-dark-1 u-btn-1\" target=\"_blank\">infos de derni\u00e8re minute <\/a>\n                      <\/div>\n                    <\/div>\n                    <div class=\"u-container-style u-list-item u-repeater-item\">\n                      <div class=\"u-container-layout u-similar-container u-valign-top-xs u-container-layout-4\"><span class=\"u-align-center u-file-icon u-icon u-text-palette-1-dark-1 u-icon-2\"><img decoding=\"async\" src=\"https:\/\/cnth.org\/wordpress\/wp-content\/uploads\/2025\/04\/6b41886e.png\" alt=\"\"><\/span>\n                        <a href=\"https:\/\/www.cnth.org\/documents\/Planning-cav-2026.pdf\" class=\"u-align-center u-border-none u-btn u-button-style u-hover-palette-1-base u-palette-1-dark-1 u-btn-2\" target=\"_blank\">planning char \u00e0 voile <\/a>\n                      <\/div>\n                    <\/div>\n                    <div class=\"u-container-style u-list-item u-repeater-item\">\n                      <div class=\"u-container-layout u-similar-container u-valign-top-xs u-container-layout-5\"><span class=\"u-align-center u-file-icon u-icon u-text-palette-1-dark-1 u-icon-3\"><img decoding=\"async\" src=\"https:\/\/cnth.org\/wordpress\/wp-content\/uploads\/2025\/04\/a9fcc1e8.png\" alt=\"\"><\/span>\n                        <a href=\"https:\/\/cnth.org\/wordpress\/fr\/tarifs\/\" class=\"u-align-center u-border-none u-btn u-button-style u-hover-palette-1-base u-palette-1-dark-1 u-btn-3\" title=\"Tarifs\">tarifs <\/a>\n                      <\/div>\n                    <\/div>\n                    <div class=\"u-container-style u-list-item u-repeater-item\">\n                      <div class=\"u-container-layout u-similar-container u-valign-top-xs u-container-layout-6\"><span class=\"u-align-center u-file-icon u-icon u-text-palette-1-dark-1 u-icon-4\"><img decoding=\"async\" src=\"https:\/\/cnth.org\/wordpress\/wp-content\/uploads\/2025\/04\/95880de6.png\" alt=\"\"><\/span>\n                        <a href=\"https:\/\/cnth.org\/wordpress\/actualites\/\" class=\"u-align-center u-border-none u-btn u-button-style u-hover-palette-1-base u-palette-1-dark-1 u-btn-4\">agenda <\/a>\n                      <\/div>\n                    <\/div>\n                  <\/div>\n                <\/div>\n              <\/div>\n            <\/div>\n          <\/div>\n        <\/div>\n      <\/div>\n    <\/section>\n    <section class=\"u-clearfix u-white u-section-4\" id=\"sec-1681\">\n      <div class=\"u-clearfix u-sheet u-valign-middle-md u-valign-middle-xl u-sheet-1\">\n        <div class=\"u-palette-1-base u-radius-20 u-shape u-shape-round u-shape-1\"><\/div>\n        <div class=\"u-expanded-width-xs u-palette-1-dark-1 u-radius-20 u-shape u-shape-round u-shape-2\"><\/div>\n        <img decoding=\"async\" class=\"u-image u-image-round u-radius-20 u-image-1\" src=\"https:\/\/cnth.org\/wordpress\/wp-content\/uploads\/2025\/04\/IMG_4442.jpeg\" data-image-width=\"1935\" data-image-height=\"2638\" alt=\"planche \u00e0 voile en Normandie\">\n        <div class=\"u-container-style u-group u-group-1\">\n          <div class=\"u-container-layout u-container-layout-1\">\n            <h2 class=\"u-text u-text-body-alt-color u-text-1\">Horaires<\/h2>\n            <p class=\"u-large-text u-text u-text-body-alt-color u-text-variant u-text-2\">Activit\u00e9 Voile<\/p>\n            <p class=\"u-text u-text-body-alt-color u-text-3\"> Ouvert de mars \u00e0 d\u00e9cembre<\/p>\n            <p class=\"u-large-text u-text u-text-body-alt-color u-text-variant u-text-4\">Activit\u00e9 Char \u00e0 Voile<\/p>\n            <p class=\"u-text u-text-body-alt-color u-text-5\"> Ouvert toute l\u2019ann\u00e9e \u00e0 mar\u00e9e basse et sur rendez-vous.<\/p>\n            <p class=\"u-large-text u-text u-text-body-alt-color u-text-variant u-text-6\"> Haute saison (01\/07 - 31\/08)<\/p>\n            <ul class=\"u-text u-text-body-alt-color u-text-7\">\n              <li> Du lundi au samedi de 9h00 \u00e0 19h00 <\/li>\n              <li> Le dimanche de 10h00 \u00e0 19h00 <\/li>\n            <\/ul>\n            <p class=\"u-large-text u-text u-text-body-alt-color u-text-variant u-text-8\">Hors saison\u200b (15\/03 - 30\/06 et 01\/09 - 15\/12)<\/p>\n            <ul class=\"u-text u-text-body-alt-color u-text-9\">\n              <li> Mercredi \u00e0 vendredi - 9h00 \u00e0 12h30 et 14h00 \u00e0 18h00 <\/li>\n              <li> Samedi - 9h30 \u00e0 12h30 et 14h00 \u00e0 18h30&nbsp; <\/li>\n              <li> Dimanche - 10h00 \u00e0 12h30 et 14h00 \u00e0 18h00 <\/li>\n            <\/ul>\n          <\/div>\n        <\/div>\n      <\/div>\n    <\/section>\n    <section class=\"u-align-center u-clearfix u-container-align-center-lg u-container-align-center-md u-container-align-center-sm u-container-align-center-xl u-image u-shading u-section-5\" id=\"sec-64b7\" data-image-width=\"4032\" data-image-height=\"3024\" style=\"background-image: linear-gradient(rgba(0, 0, 0, 0.5), rgba(0, 0, 0, 0.5)), url(&quot;https:\/\/cnth.org\/wordpress\/wp-content\/uploads\/2025\/04\/terrasseclub.jpg&quot;);\">\n      <div class=\"u-clearfix u-sheet u-sheet-1\">\n        <h2 class=\"u-align-left u-text u-text-1\">Partenaires<\/h2>\n        <div class=\"custom-expanded u-list u-list-1\">\n          <div class=\"u-align-center-md u-align-center-sm u-align-center-xs u-repeater u-repeater-1\">\n            <div class=\"u-container-align-center-lg u-container-align-center-md u-container-align-center-sm u-container-align-center-xl u-container-style u-list-item u-radius u-repeater-item u-shape-round u-white u-list-item-1\">\n              <div class=\"u-container-layout u-similar-container u-valign-middle-lg u-valign-middle-md u-valign-middle-sm u-valign-middle-xl u-valign-top-xs u-container-layout-1\">\n                <img decoding=\"async\" class=\"u-image u-image-contain u-image-default u-preserve-proportions u-image-1\" src=\"https:\/\/cnth.org\/wordpress\/wp-content\/uploads\/2025\/04\/LogoTrouville-sur-Mer.png\" alt=\"Logo Trouville-sur-Mer\" data-image-width=\"667\" data-image-height=\"667\">\n              <\/div>\n            <\/div>\n            <div class=\"u-container-align-center-lg u-container-align-center-md u-container-align-center-sm u-container-align-center-xl u-container-style u-list-item u-radius u-repeater-item u-shape-round u-white u-list-item-2\">\n              <div class=\"u-container-layout u-similar-container u-valign-middle-lg u-valign-middle-md u-valign-middle-sm u-valign-middle-xl u-valign-top-xs u-container-layout-2\">\n                <img decoding=\"async\" class=\"u-image u-image-contain u-image-default u-preserve-proportions u-image-2\" src=\"https:\/\/cnth.org\/wordpress\/wp-content\/uploads\/2025\/04\/Logoofficedetourisme.png\" alt=\"Logo Office de Tourisme Trouville-sur-Mer\" data-image-width=\"667\" data-image-height=\"667\">\n              <\/div>\n            <\/div>\n            <div class=\"u-container-align-center u-container-style u-list-item u-radius u-repeater-item u-shape-round u-white u-list-item-3\">\n              <div class=\"u-container-layout u-similar-container u-valign-middle-lg u-valign-middle-md u-valign-middle-sm u-valign-middle-xl u-valign-top-xs u-container-layout-3\">\n                <img decoding=\"async\" class=\"u-image u-image-contain u-image-default u-preserve-proportions u-image-3\" src=\"https:\/\/cnth.org\/wordpress\/wp-content\/uploads\/2025\/04\/LogoCalvados.png\" alt=\"Logo Calvados\" data-image-width=\"667\" data-image-height=\"667\">\n              <\/div>\n            <\/div>\n            <div class=\"u-container-align-center-lg u-container-align-center-md u-container-align-center-sm u-container-align-center-xl u-container-style u-list-item u-radius u-repeater-item u-shape-round u-white u-list-item-4\">\n              <div class=\"u-container-layout u-similar-container u-valign-middle-lg u-valign-middle-md u-valign-middle-sm u-valign-middle-xl u-valign-top-xs u-container-layout-4\">\n                <img decoding=\"async\" class=\"u-image u-image-contain u-image-default u-preserve-proportions u-image-4\" src=\"https:\/\/cnth.org\/wordpress\/wp-content\/uploads\/2025\/04\/LogoNormandie.png\" alt=\"Logo R\u00e9gion Normandie\" data-image-width=\"667\" data-image-height=\"667\">\n              <\/div>\n            <\/div>\n          <\/div>\n        <\/div>\n        <p class=\"u-align-left u-large-text u-text u-text-variant u-text-2\"> Gr\u00e2ce au soutien financier de nos partenaires, le C.N.T.H. peut renouveler \nr\u00e9guli\u00e8rement son mat\u00e9riel de navigation afin que vous puissiez \npratiquer en toute s\u00e9curit\u00e9. Nous les remercions chaleureusement.<br>Le CNTH est agr\u00e9\u00e9 pour recevoir des dons. \n        <\/p>\n      <\/div>\n    <\/section>\n    <section class=\"u-clearfix u-section-6\" id=\"sec-2f23\">\n      <div class=\"u-clearfix u-sheet u-sheet-1\">\n        <h2 class=\"u-align-center u-text u-text-1\">Liens utiles<\/h2>\n        <div class=\"u-expanded-width u-list u-list-1\">\n          <div class=\"u-repeater u-repeater-1\">\n            <div class=\"u-container-style u-list-item u-repeater-item\">\n              <div class=\"u-container-layout u-similar-container u-container-layout-1\">\n                <img decoding=\"async\" class=\"u-image u-image-contain u-image-default u-preserve-proportions u-image-1\" src=\"https:\/\/cnth.org\/wordpress\/wp-content\/uploads\/2025\/04\/LogoFFV.png\" alt=\"Logo FFVoile\" data-image-width=\"667\" data-image-height=\"667\" data-href=\"https:\/\/www.ffvoile.fr\/ffv\/web\/\" data-target=\"_blank\">\n              <\/div>\n            <\/div>\n            <div class=\"u-container-style u-list-item u-repeater-item\">\n              <div class=\"u-container-layout u-similar-container u-container-layout-2\">\n                <img decoding=\"async\" class=\"u-image u-image-contain u-image-default u-preserve-proportions u-image-2\" src=\"https:\/\/cnth.org\/wordpress\/wp-content\/uploads\/2025\/04\/LogoFFCV.png\" alt=\"Logo FFCV\" data-image-width=\"667\" data-image-height=\"667\" data-href=\"https:\/\/ffcv.org\/\" data-target=\"_blank\">\n              <\/div>\n            <\/div>\n            <div class=\"u-container-style u-list-item u-repeater-item\">\n              <div class=\"u-container-layout u-similar-container u-container-layout-3\">\n                <img decoding=\"async\" class=\"u-image u-image-contain u-image-default u-preserve-proportions u-image-3\" src=\"https:\/\/cnth.org\/wordpress\/wp-content\/uploads\/2025\/04\/LogoMeteo.png\" alt=\"M\u00e9t\u00e9o pour la voile en Normandie\" data-image-width=\"303\" data-image-height=\"318\" data-href=\"https:\/\/www.windguru.cz\/1731\" data-target=\"_blank\">\n              <\/div>\n            <\/div>\n            <div class=\"u-container-style u-list-item u-repeater-item\">\n              <div class=\"u-container-layout u-similar-container u-container-layout-4\">\n                <img decoding=\"async\" class=\"u-image u-image-contain u-image-default u-preserve-proportions u-image-4\" src=\"https:\/\/cnth.org\/wordpress\/wp-content\/uploads\/2025\/04\/LogoMares.png\" alt=\"Mar\u00e9es pour la voile en Normandie\" data-image-width=\"304\" data-image-height=\"303\" data-href=\"https:\/\/maree.info\/23\" data-target=\"_blank\">\n              <\/div>\n            <\/div>\n            <div class=\"u-container-style u-list-item u-repeater-item\">\n              <div class=\"u-container-layout u-similar-container u-container-layout-5\">\n                <img decoding=\"async\" class=\"u-image u-image-contain u-image-default u-preserve-proportions u-image-5\" src=\"https:\/\/cnth.org\/wordpress\/wp-content\/uploads\/2025\/04\/LogoFamillePlus.png\" alt=\"Logo Famille Plus\" data-image-width=\"667\" data-image-height=\"667\" data-href=\"https:\/\/www.familleplus.fr\/fr\" data-target=\"_blank\">\n              <\/div>\n            <\/div>\n          <\/div>\n        <\/div>\n      <\/div>\n    <\/section>\n    \n    \n    \n  \n","protected":false},"excerpt":{"rendered":"<p>Club Nautique deTrouville-Hennequeville Un espace de vie Notre club est situ\u00e9 sur la plage de Trouville-sur-Mer. On y pratique la voile sous toutes ses formes : catamaran, planche \u00e0 voile, speed-sail, char \u00e0 voile et d\u00e9riveur.&nbsp; &nbsp; Le CNTH est une association loi 1901, affili\u00e9e aux f\u00e9d\u00e9rations fran\u00e7aises de Voile (FFV) et de Char \u00e0 &hellip; <a href=\"https:\/\/cnth.org\/wordpress\/\" class=\"more-link\">Continue reading<span class=\"screen-reader-text\"> \u00ab\u00a0Voile en Normandie &#8211; CNTH\u00a0\u00bb<\/span><\/a><\/p>\n","protected":false},"author":1,"featured_media":1873,"parent":0,"menu_order":5,"comment_status":"closed","ping_status":"closed","template":"","meta":{"footnotes":""},"class_list":["post-1918","page","type-page","status-publish","has-post-thumbnail","hentry"],"yoast_head":"<!-- This site is optimized with the Yoast SEO plugin v27.2 - https:\/\/yoast.com\/product\/yoast-seo-wordpress\/ -->\n<title>Voile en Normandie - CNTH - CNTH<\/title>\n<meta name=\"description\" content=\"Venez d\u00e9couvrir la voile en Normandie au CNTH - Catamaran, planche \u00e0 voile, char \u00e0 voile, speed sail, paddle, kayak, surf.\" \/>\n<meta name=\"robots\" content=\"index, follow, max-snippet:-1, max-image-preview:large, max-video-preview:-1\" \/>\n<link rel=\"canonical\" href=\"https:\/\/cnth.org\/wordpress\/\" \/>\n<meta property=\"og:locale\" content=\"fr_FR\" \/>\n<meta property=\"og:type\" content=\"article\" \/>\n<meta property=\"og:title\" content=\"Voile en Normandie - CNTH - CNTH\" \/>\n<meta property=\"og:description\" content=\"Venez d\u00e9couvrir la voile en Normandie au CNTH - Catamaran, planche \u00e0 voile, char \u00e0 voile, speed sail, paddle, kayak, surf.\" \/>\n<meta property=\"og:url\" content=\"https:\/\/cnth.org\/wordpress\/\" \/>\n<meta property=\"og:site_name\" content=\"CNTH\" \/>\n<meta property=\"article:modified_time\" content=\"2026-03-25T13:29:14+00:00\" \/>\n<meta property=\"og:image\" content=\"https:\/\/cnth.org\/wordpress\/wp-content\/uploads\/2025\/04\/Headerbienvenue.png\" \/>\n\t<meta property=\"og:image:width\" content=\"1024\" \/>\n\t<meta property=\"og:image:height\" content=\"277\" \/>\n\t<meta property=\"og:image:type\" content=\"image\/png\" \/>\n<meta name=\"twitter:card\" content=\"summary_large_image\" \/>\n<meta name=\"twitter:label1\" content=\"Dur\u00e9e de lecture estim\u00e9e\" \/>\n\t<meta name=\"twitter:data1\" content=\"5 minutes\" \/>\n<script type=\"application\/ld+json\" class=\"yoast-schema-graph\">{\"@context\":\"https:\/\/schema.org\",\"@graph\":[{\"@type\":\"WebPage\",\"@id\":\"https:\/\/cnth.org\/wordpress\/\",\"url\":\"https:\/\/cnth.org\/wordpress\/\",\"name\":\"Voile en Normandie - CNTH - CNTH\",\"isPartOf\":{\"@id\":\"https:\/\/cnth.org\/wordpress\/en\/#website\"},\"primaryImageOfPage\":{\"@id\":\"https:\/\/cnth.org\/wordpress\/#primaryimage\"},\"image\":{\"@id\":\"https:\/\/cnth.org\/wordpress\/#primaryimage\"},\"thumbnailUrl\":\"https:\/\/cnth.org\/wordpress\/wp-content\/uploads\/2025\/04\/Headerbienvenue.png\",\"datePublished\":\"2025-04-04T11:51:54+00:00\",\"dateModified\":\"2026-03-25T13:29:14+00:00\",\"description\":\"Venez d\u00e9couvrir la voile en Normandie au CNTH - Catamaran, planche \u00e0 voile, char \u00e0 voile, speed sail, paddle, kayak, surf.\",\"breadcrumb\":{\"@id\":\"https:\/\/cnth.org\/wordpress\/#breadcrumb\"},\"inLanguage\":\"fr-FR\",\"potentialAction\":[{\"@type\":\"ReadAction\",\"target\":[\"https:\/\/cnth.org\/wordpress\/\"]}]},{\"@type\":\"ImageObject\",\"inLanguage\":\"fr-FR\",\"@id\":\"https:\/\/cnth.org\/wordpress\/#primaryimage\",\"url\":\"https:\/\/cnth.org\/wordpress\/wp-content\/uploads\/2025\/04\/Headerbienvenue.png\",\"contentUrl\":\"https:\/\/cnth.org\/wordpress\/wp-content\/uploads\/2025\/04\/Headerbienvenue.png\",\"width\":1024,\"height\":277},{\"@type\":\"BreadcrumbList\",\"@id\":\"https:\/\/cnth.org\/wordpress\/#breadcrumb\",\"itemListElement\":[{\"@type\":\"ListItem\",\"position\":1,\"name\":\"Accueil\",\"item\":\"https:\/\/cnth.org\/wordpress\/\"},{\"@type\":\"ListItem\",\"position\":2,\"name\":\"Voile en Normandie &#8211; CNTH\"}]},{\"@type\":\"WebSite\",\"@id\":\"https:\/\/cnth.org\/wordpress\/en\/#website\",\"url\":\"https:\/\/cnth.org\/wordpress\/en\/\",\"name\":\"CNTH\",\"description\":\"Club Nautique de Trouville-Hennequeville\",\"publisher\":{\"@id\":\"https:\/\/cnth.org\/wordpress\/en\/#organization\"},\"alternateName\":\"Voile en Normandie - CNTH\",\"potentialAction\":[{\"@type\":\"SearchAction\",\"target\":{\"@type\":\"EntryPoint\",\"urlTemplate\":\"https:\/\/cnth.org\/wordpress\/en\/?s={search_term_string}\"},\"query-input\":{\"@type\":\"PropertyValueSpecification\",\"valueRequired\":true,\"valueName\":\"search_term_string\"}}],\"inLanguage\":\"fr-FR\"},{\"@type\":\"Organization\",\"@id\":\"https:\/\/cnth.org\/wordpress\/en\/#organization\",\"name\":\"CNTH\",\"url\":\"https:\/\/cnth.org\/wordpress\/en\/\",\"logo\":{\"@type\":\"ImageObject\",\"inLanguage\":\"fr-FR\",\"@id\":\"https:\/\/cnth.org\/wordpress\/en\/#\/schema\/logo\/image\/\",\"url\":\"https:\/\/cnth.org\/wordpress\/wp-content\/uploads\/2017\/06\/logo-sur-fond-transparent.png\",\"contentUrl\":\"https:\/\/cnth.org\/wordpress\/wp-content\/uploads\/2017\/06\/logo-sur-fond-transparent.png\",\"width\":249,\"height\":243,\"caption\":\"CNTH\"},\"image\":{\"@id\":\"https:\/\/cnth.org\/wordpress\/en\/#\/schema\/logo\/image\/\"}}]}<\/script>\n<!-- \/ Yoast SEO plugin. -->","yoast_head_json":{"title":"Voile en Normandie - CNTH - CNTH","description":"Venez d\u00e9couvrir la voile en Normandie au CNTH - Catamaran, planche \u00e0 voile, char \u00e0 voile, speed sail, paddle, kayak, surf.","robots":{"index":"index","follow":"follow","max-snippet":"max-snippet:-1","max-image-preview":"max-image-preview:large","max-video-preview":"max-video-preview:-1"},"canonical":"https:\/\/cnth.org\/wordpress\/","og_locale":"fr_FR","og_type":"article","og_title":"Voile en Normandie - CNTH - CNTH","og_description":"Venez d\u00e9couvrir la voile en Normandie au CNTH - Catamaran, planche \u00e0 voile, char \u00e0 voile, speed sail, paddle, kayak, surf.","og_url":"https:\/\/cnth.org\/wordpress\/","og_site_name":"CNTH","article_modified_time":"2026-03-25T13:29:14+00:00","og_image":[{"width":1024,"height":277,"url":"https:\/\/cnth.org\/wordpress\/wp-content\/uploads\/2025\/04\/Headerbienvenue.png","type":"image\/png"}],"twitter_card":"summary_large_image","twitter_misc":{"Dur\u00e9e de lecture estim\u00e9e":"5 minutes"},"schema":{"@context":"https:\/\/schema.org","@graph":[{"@type":"WebPage","@id":"https:\/\/cnth.org\/wordpress\/","url":"https:\/\/cnth.org\/wordpress\/","name":"Voile en Normandie - CNTH - CNTH","isPartOf":{"@id":"https:\/\/cnth.org\/wordpress\/en\/#website"},"primaryImageOfPage":{"@id":"https:\/\/cnth.org\/wordpress\/#primaryimage"},"image":{"@id":"https:\/\/cnth.org\/wordpress\/#primaryimage"},"thumbnailUrl":"https:\/\/cnth.org\/wordpress\/wp-content\/uploads\/2025\/04\/Headerbienvenue.png","datePublished":"2025-04-04T11:51:54+00:00","dateModified":"2026-03-25T13:29:14+00:00","description":"Venez d\u00e9couvrir la voile en Normandie au CNTH - Catamaran, planche \u00e0 voile, char \u00e0 voile, speed sail, paddle, kayak, surf.","breadcrumb":{"@id":"https:\/\/cnth.org\/wordpress\/#breadcrumb"},"inLanguage":"fr-FR","potentialAction":[{"@type":"ReadAction","target":["https:\/\/cnth.org\/wordpress\/"]}]},{"@type":"ImageObject","inLanguage":"fr-FR","@id":"https:\/\/cnth.org\/wordpress\/#primaryimage","url":"https:\/\/cnth.org\/wordpress\/wp-content\/uploads\/2025\/04\/Headerbienvenue.png","contentUrl":"https:\/\/cnth.org\/wordpress\/wp-content\/uploads\/2025\/04\/Headerbienvenue.png","width":1024,"height":277},{"@type":"BreadcrumbList","@id":"https:\/\/cnth.org\/wordpress\/#breadcrumb","itemListElement":[{"@type":"ListItem","position":1,"name":"Accueil","item":"https:\/\/cnth.org\/wordpress\/"},{"@type":"ListItem","position":2,"name":"Voile en Normandie &#8211; CNTH"}]},{"@type":"WebSite","@id":"https:\/\/cnth.org\/wordpress\/en\/#website","url":"https:\/\/cnth.org\/wordpress\/en\/","name":"CNTH","description":"Club Nautique de Trouville-Hennequeville","publisher":{"@id":"https:\/\/cnth.org\/wordpress\/en\/#organization"},"alternateName":"Voile en Normandie - CNTH","potentialAction":[{"@type":"SearchAction","target":{"@type":"EntryPoint","urlTemplate":"https:\/\/cnth.org\/wordpress\/en\/?s={search_term_string}"},"query-input":{"@type":"PropertyValueSpecification","valueRequired":true,"valueName":"search_term_string"}}],"inLanguage":"fr-FR"},{"@type":"Organization","@id":"https:\/\/cnth.org\/wordpress\/en\/#organization","name":"CNTH","url":"https:\/\/cnth.org\/wordpress\/en\/","logo":{"@type":"ImageObject","inLanguage":"fr-FR","@id":"https:\/\/cnth.org\/wordpress\/en\/#\/schema\/logo\/image\/","url":"https:\/\/cnth.org\/wordpress\/wp-content\/uploads\/2017\/06\/logo-sur-fond-transparent.png","contentUrl":"https:\/\/cnth.org\/wordpress\/wp-content\/uploads\/2017\/06\/logo-sur-fond-transparent.png","width":249,"height":243,"caption":"CNTH"},"image":{"@id":"https:\/\/cnth.org\/wordpress\/en\/#\/schema\/logo\/image\/"}}]}},"_links":{"self":[{"href":"https:\/\/cnth.org\/wordpress\/wp-json\/wp\/v2\/pages\/1918","targetHints":{"allow":["GET"]}}],"collection":[{"href":"https:\/\/cnth.org\/wordpress\/wp-json\/wp\/v2\/pages"}],"about":[{"href":"https:\/\/cnth.org\/wordpress\/wp-json\/wp\/v2\/types\/page"}],"author":[{"embeddable":true,"href":"https:\/\/cnth.org\/wordpress\/wp-json\/wp\/v2\/users\/1"}],"replies":[{"embeddable":true,"href":"https:\/\/cnth.org\/wordpress\/wp-json\/wp\/v2\/comments?post=1918"}],"version-history":[{"count":12,"href":"https:\/\/cnth.org\/wordpress\/wp-json\/wp\/v2\/pages\/1918\/revisions"}],"predecessor-version":[{"id":2094,"href":"https:\/\/cnth.org\/wordpress\/wp-json\/wp\/v2\/pages\/1918\/revisions\/2094"}],"wp:featuredmedia":[{"embeddable":true,"href":"https:\/\/cnth.org\/wordpress\/wp-json\/wp\/v2\/media\/1873"}],"wp:attachment":[{"href":"https:\/\/cnth.org\/wordpress\/wp-json\/wp\/v2\/media?parent=1918"}],"curies":[{"name":"wp","href":"https:\/\/api.w.org\/{rel}","templated":true}]}}