{"id":1919,"date":"2025-04-04T13:51:55","date_gmt":"2025-04-04T11:51:55","guid":{"rendered":"https:\/\/cnth.org\/wordpress\/nos-supports\/"},"modified":"2025-04-08T10:34:11","modified_gmt":"2025-04-08T08:34:11","slug":"nos-supports","status":"publish","type":"page","link":"https:\/\/cnth.org\/wordpress\/nos-supports\/","title":{"rendered":"Nos supports"},"content":{"rendered":"\n  \n    \n    <section class=\"skrollable u-clearfix u-uploaded-video u-section-2\" id=\"sec-5dd3\">\n      <img decoding=\"async\" class=\"u-expanded-width u-image u-image-1\" src=\"https:\/\/cnth.org\/wordpress\/wp-content\/uploads\/2025\/04\/IMG_3963.jpeg\" data-image-width=\"4009\" data-image-height=\"1108\" alt=\"Nos supports\">\n      <div class=\"u-align-center u-container-align-center u-container-align-left u-container-style u-group u-palette-1-dark-1 u-radius u-shape-round u-group-1\">\n        <div class=\"u-container-layout u-valign-middle-lg u-container-layout-1\">\n          <h1 class=\"u-align-left u-text u-text-1\">Nos supports<\/h1>\n        <\/div>\n      <\/div>\n    <\/section>\n    <section class=\"u-clearfix u-container-align-left u-section-3\" id=\"sec-1bec\">\n      <div class=\"u-clearfix u-sheet u-valign-middle-lg u-sheet-1\">\n        <div class=\"data-layout-selected u-clearfix u-expanded-width u-gutter-8 u-layout-spacing-horizontal u-layout-wrap u-layout-wrap-1\">\n          <div class=\"u-layout\">\n            <div class=\"u-layout-row\">\n              <div class=\"u-container-style u-layout-cell u-size-38 u-layout-cell-1\">\n                <div class=\"u-container-layout u-valign-bottom-lg u-valign-bottom-md u-container-layout-1\">\n                  <h2 class=\"u-align-left u-text u-text-body-color u-text-1\"> Catamaran<\/h2>\n                  <p class=\"u-align-left u-large-text u-text u-text-variant u-text-2\"> Des sensations de glisse exceptionnelles d\u00e8s le plus jeune \u00e2ge!<\/p>\n                  <div class=\"u-expanded-width u-list u-list-1\">\n                    <div class=\"u-repeater u-repeater-1\">\n                      <div class=\"u-container-style u-list-item u-palette-1-dark-1 u-radius u-repeater-item u-shape-round u-list-item-1\">\n                        <div class=\"u-container-layout u-similar-container u-valign-middle-md u-container-layout-2\"><span class=\"u-align-left u-file-icon u-icon u-text-white u-icon-1\"><img decoding=\"async\" src=\"https:\/\/cnth.org\/wordpress\/wp-content\/uploads\/2025\/04\/c70697f6.png\" alt=\"\"><\/span>\n                          <p class=\"u-large-text u-text u-text-variant u-text-3\"> XS 10.5 Erplast <\/p>\n                          <p class=\"u-text u-text-4\"> Bateau d\u2019initiation destin\u00e9 aux 7-11 ans, vos petits mousses pourront \nsurfer sur les vagues comme les grands, et en plus ils pourront emmener \nleur copain !<\/p>\n                        <\/div>\n                      <\/div>\n                      <div class=\"u-container-style u-list-item u-palette-1-dark-1 u-radius u-repeater-item u-shape-round u-list-item-2\">\n                        <div class=\"u-container-layout u-similar-container u-valign-middle-md u-container-layout-3\"><span class=\"u-align-left u-file-icon u-icon u-text-white u-icon-2\"><img decoding=\"async\" src=\"https:\/\/cnth.org\/wordpress\/wp-content\/uploads\/2025\/04\/c70697f6.png\" alt=\"\"><\/span>\n                          <p class=\"u-large-text u-text u-text-variant u-text-5\"> Topaz 12<\/p>\n                          <p class=\"u-text u-text-6\"> Bateau de perfectionnement adapt\u00e9 pour les 9-12 ans, ses performances \nsont \u00e0 la hauteur des bateaux des grands, vitesse et sensations assur\u00e9es \nsous spi.<\/p>\n                        <\/div>\n                      <\/div>\n                      <div class=\"u-container-style u-list-item u-palette-1-dark-1 u-radius u-repeater-item u-shape-round u-list-item-3\">\n                        <div class=\"u-container-layout u-similar-container u-valign-middle-md u-container-layout-4\"><span class=\"u-align-left u-file-icon u-icon u-text-white u-icon-3\"><img decoding=\"async\" src=\"https:\/\/cnth.org\/wordpress\/wp-content\/uploads\/2025\/04\/c70697f6.png\" alt=\"\"><\/span>\n                          <p class=\"u-large-text u-text u-text-variant u-text-7\"> Topaz 14<\/p>\n                          <p class=\"u-text u-text-8\"> Bateau d\u2019initiation \u00e0 partir de 13 ans, le Topaz 14 vous emm\u00e8nera loin \nvers le perfectionnement gr\u00e2ce \u00e0 son \u00e9quipement complet (chariot de GV, \ndouble trap\u00e8ze, spi). Sensations fortes garanties pour les ados et les adultes!<\/p>\n                        <\/div>\n                      <\/div>\n                      <div class=\"u-container-style u-list-item u-palette-1-dark-1 u-radius u-repeater-item u-shape-round u-list-item-4\">\n                        <div class=\"u-container-layout u-similar-container u-valign-middle-md u-container-layout-5\"><span class=\"u-align-left u-file-icon u-icon u-text-white u-icon-4\"><img decoding=\"async\" src=\"https:\/\/cnth.org\/wordpress\/wp-content\/uploads\/2025\/04\/c70697f6.png\" alt=\"\"><\/span>\n                          <p class=\"u-large-text u-text u-text-variant u-text-9\"> SL15.5<\/p>\n                          <p class=\"u-text u-text-10\"> Bateau de perfectionnement destin\u00e9 aux ados et aux adultes. Id\u00e9al\n pour la vitesse et la r\u00e9gate, il est muni d\u2019un spinnaker et d\u2019un double\n trap\u00e8ze. Amateurs de sensations fortes, vous aurez le plaisir de vous \n\u00e9lever dans les airs, de partir au planning, et peut-\u00eatre, avec un peu \nde chance, d\u2019accompagner quelques dauphins qui fr\u00e9quentent r\u00e9guli\u00e8rement\n nos c\u00f4tes...<\/p>\n                        <\/div>\n                      <\/div>\n                    <\/div>\n                  <\/div>\n                <\/div>\n              <\/div>\n              <div class=\"u-container-style u-image u-image-round u-layout-cell u-radius u-size-22 u-image-1\" data-image-width=\"2067\" data-image-height=\"1550\" style=\"background-image: url(&quot;https:\/\/cnth.org\/wordpress\/wp-content\/uploads\/2025\/04\/DSC02134low.jpg&quot;);\">\n                <div class=\"u-container-layout u-container-layout-6\"><\/div>\n              <\/div>\n            <\/div>\n          <\/div>\n        <\/div>\n      <\/div>\n    <\/section>\n    <section class=\"u-clearfix u-container-align-center-sm u-container-align-center-xs u-section-4\" id=\"sec-a7ac\">\n      <div class=\"u-clearfix u-sheet u-valign-middle-lg u-valign-middle-md u-valign-middle-xl u-valign-middle-xs u-sheet-1\">\n        <div class=\"data-layout-selected u-clearfix u-expanded-width u-gutter-30 u-layout-wrap u-layout-wrap-1\">\n          <div class=\"u-layout\">\n            <div class=\"u-layout-col\">\n              <div class=\"u-size-30\">\n                <div class=\"u-layout-row\">\n                  <div class=\"u-container-align-center-sm u-container-align-center-xs u-container-style u-image u-image-round u-layout-cell u-radius u-size-35 u-image-1\" data-image-width=\"3024\" data-image-height=\"4032\" style=\"background-image: url(&quot;https:\/\/cnth.org\/wordpress\/wp-content\/uploads\/2025\/04\/IMG_4108copie.jpg&quot;);\">\n                    <div class=\"u-container-layout u-container-layout-1\"><\/div>\n                  <\/div>\n                  <div class=\"u-container-align-center-sm u-container-align-center-xs u-container-style u-layout-cell u-size-25 u-layout-cell-2\">\n                    <div class=\"u-container-layout u-container-layout-2\">\n                      <h2 class=\"u-align-center-sm u-align-center-xs u-text u-text-1\">Planche \u00e0 voile<\/h2>\n                      <p class=\"u-align-center-sm u-align-center-xs u-large-text u-text u-text-variant u-text-2\"> La libert\u00e9 \u00e0 l'\u00e9tat pur...<\/p>\n                      <p class=\"u-text u-text-3\"> Venez vous initier ou vous perfectionner aux joies de la glisse sur un \nplan d\u2019eau reconnu pour ses qualit\u00e9s et faisant partie des spots les \nplus pris\u00e9s en France.<\/p>\n                    <\/div>\n                  <\/div>\n                <\/div>\n              <\/div>\n              <div class=\"u-size-30\">\n                <div class=\"u-layout-row\">\n                  <div class=\"u-container-align-center-sm u-container-align-center-xs u-container-style u-layout-cell u-palette-1-dark-1 u-radius u-shape-round u-size-30 u-layout-cell-3\">\n                    <div class=\"u-container-layout u-container-layout-3\">\n                      <p class=\"u-align-center-xs u-large-text u-text u-text-variant u-text-4\">Nos planches<\/p>\n                      <ul class=\"u-text u-text-5\">\n                        <li> Bic 2.93, RRD 129, 138 et 140, tandem Start Board en initiation et fun board. <\/li>\n                        <li> JP australia, Mistral, Hifly de 95 litres \u00e0 120 litres en perfectionnement et location fun et top fun. <\/li>\n                      <\/ul>\n                    <\/div>\n                  <\/div>\n                  <div class=\"u-container-align-center-xs u-container-style u-layout-cell u-palette-1-dark-1 u-radius u-shape-round u-size-30 u-layout-cell-4\">\n                    <div class=\"u-container-layout u-container-layout-4\">\n                      <p class=\"u-align-center-xs u-large-text u-text u-text-variant u-text-6\">Nos voiles<\/p>\n                      <ul class=\"u-text u-text-7\">\n                        <li> Waterman en initiation et fun board. <\/li>\n                        <li> Gun Sail et Neil Pryde en perfectionnement, fun et top fun. <\/li>\n                        <li> Naish <\/li>\n                      <\/ul>\n                    <\/div>\n                  <\/div>\n                <\/div>\n              <\/div>\n            <\/div>\n          <\/div>\n        <\/div>\n      <\/div>\n    <\/section>\n    <section class=\"u-clearfix u-white u-section-5\" id=\"sec-397d\">\n      <div class=\"u-clearfix u-sheet u-sheet-1\">\n        <div class=\"u-palette-1-base u-radius-20 u-shape u-shape-round u-shape-1\"><\/div>\n        <div class=\"u-expanded-width-xs u-palette-1-dark-1 u-radius-20 u-shape u-shape-round u-shape-2\"><\/div>\n        <img decoding=\"async\" class=\"u-image u-image-round u-radius-20 u-image-1\" src=\"https:\/\/cnth.org\/wordpress\/wp-content\/uploads\/2025\/04\/PC018379.jpg\" data-image-width=\"1854\" data-image-height=\"1046\" alt=\"Supports - le char \u00e0 voile\">\n        <div class=\"u-container-style u-expanded-width-xs u-group u-group-1\">\n          <div class=\"u-container-layout u-valign-middle-md u-valign-middle-sm u-container-layout-1\">\n            <h2 class=\"u-text u-text-body-alt-color u-text-1\">Char \u00e0 voile<\/h2>\n            <p class=\"u-large-text u-text u-text-body-alt-color u-text-variant u-text-2\">Vitesses et sensations garanties<\/p>\n            <p class=\"u-text u-text-body-alt-color u-text-3\">A mar\u00e9e basse et avec un vent de force 3 minimum, il vous est possible \nde profiter avec nous de nos belles \u00e9tendues de sable. Pour cela, nous \nmettons \u00e0 votre disposition le mat\u00e9riel pour le temps que vous \nsouhaitez.<br>\n              <br>Si vous avez d\u00e9j\u00e0 roul\u00e9 en char \u00e0 voile, un moniteur vous fait un rappel\n du fonctionnement et des consignes de s\u00e9curit\u00e9 avant de mettre un char \u00e0\n voile \u00e0 votre disposition. Si vous n\u2019avez aucune exp\u00e9rience, des cours sont organis\u00e9s, en \ngroupes, encadr\u00e9s par un ou deux moniteur(s) dipl\u00f4m\u00e9(s) du brevet \nd\u2019\u00e9tat. <br>\n              <br>Le char \u00e0 voile se pratique sur rendez vous. Les s\u00e9ances durent de 1 \u00e0&nbsp;2 heures.\n              \nCombinaisons et casques sont fournis.&nbsp; &nbsp; &nbsp; &nbsp; &nbsp; &nbsp; &nbsp; \n            <\/p>\n          <\/div>\n        <\/div>\n      <\/div>\n    <\/section>\n    <section class=\"u-clearfix u-container-align-center u-section-6\" id=\"sec-6871\">\n      <div class=\"u-container-style u-expanded-width u-group u-palette-1-dark-1 u-radius u-shape-round u-group-1\">\n        <div class=\"u-container-layout u-container-layout-1\"><\/div>\n      <\/div>\n      <div class=\"custom-expanded data-layout-selected u-clearfix u-layout-wrap u-layout-wrap-1\">\n        <div class=\"u-layout\">\n          <div class=\"u-layout-row\">\n            <div class=\"u-container-style u-layout-cell u-radius u-shape-round u-size-35-lg u-size-35-xl u-size-60-md u-size-60-sm u-size-60-xs u-layout-cell-1\">\n              <div class=\"u-container-layout u-container-layout-2\">\n                <img decoding=\"async\" class=\"u-align-center-md u-align-center-sm u-align-center-xs u-expanded-width-xs u-image u-image-round u-radius u-image-1\" src=\"https:\/\/cnth.org\/wordpress\/wp-content\/uploads\/2025\/04\/IMG_0403.jpg\" alt=\"Supports - le speed sail\" data-image-width=\"3104\" data-image-height=\"2436\">\n              <\/div>\n            <\/div>\n            <div class=\"u-container-align-center-xs u-container-style u-layout-cell u-shape-rectangle u-size-25-lg u-size-25-xl u-size-60-md u-size-60-sm u-size-60-xs u-layout-cell-2\">\n              <div class=\"u-container-layout u-container-layout-3\">\n                <h2 class=\"u-align-center-xs u-align-left-lg u-align-left-md u-align-left-sm u-align-left-xl u-text u-text-body-alt-color u-text-1\">Speed sail<\/h2>\n                <p class=\"u-align-left u-large-text u-text u-text-variant u-text-2\"> Entra\u00eenement trimestriel Speed sail<\/p>\n                <p class=\"u-align-left u-text u-text-3\"> Le CNTH propose des entra\u00eenements pour les adolescents et les adultes en speed-sail.\n              Les entrainements ont lieu le samedi \u00e0 des horaires mis en place&nbsp; selon les horaires de mar\u00e9e basse.\n              La cotisation comprend les entra\u00eenements et les comp\u00e9titions, la licence sportive sera a prendre en compl\u00e9ment.<br>\n                  <br> Session Hiver 2025\/2026 du 27 novembre 2025 au 19 mars 2026. \n                <\/p>\n              <\/div>\n            <\/div>\n          <\/div>\n        <\/div>\n      <\/div>\n    <\/section>\n    <section class=\"u-clearfix u-container-align-center u-valign-bottom-xl u-valign-middle-lg u-valign-middle-md u-valign-middle-sm u-valign-middle-xs u-section-7\" id=\"sec-954d\">\n      <div class=\"data-layout-selected u-clearfix u-expanded-width u-layout-wrap u-layout-wrap-1\">\n        <div class=\"u-layout\">\n          <div class=\"u-layout-col\">\n            <div class=\"u-container-style u-image u-layout-cell u-shading u-size-30 u-image-1\" data-image-width=\"1280\" data-image-height=\"853\" style=\"background-image: linear-gradient(rgba(0, 0, 0, 0.25), rgba(0, 0, 0, 0.25)), url(&quot;https:\/\/cnth.org\/wordpress\/wp-content\/uploads\/2025\/04\/edea0e72a1899daf76a5d8f75a2b5f296c487b45900a746e81a6edf3cbdd96c28a8c1ab92080d18bcdab517f23f3032dee7fd5e601f4d6cd38ad57_1280.jpg&quot;);\">\n              <div class=\"u-container-layout u-container-layout-1\"><\/div>\n            <\/div>\n            <div class=\"u-container-align-center u-container-style u-layout-cell u-palette-1-dark-1 u-size-30 u-layout-cell-2\">\n              <div class=\"u-container-layout u-container-layout-2\">\n                <div class=\"custom-expanded u-list u-list-1\">\n                  <div class=\"u-repeater u-repeater-1\">\n                    <div class=\"u-align-center u-container-align-center u-container-style u-list-item u-radius u-repeater-item u-shape-round u-white u-list-item-1\">\n                      <div class=\"u-container-layout u-similar-container u-container-layout-3\">\n                        <a href=\"https:\/\/cnth.org\/wordpress\/fr\/tarifs\/\" class=\"u-align-center u-border-none u-btn u-btn-round u-button-style u-hover-palette-1-base u-palette-1-dark-1 u-radius u-btn-1\" title=\"Tarifs\">tarifs <\/a>\n                      <\/div>\n                    <\/div>\n                    <div class=\"u-align-center u-container-align-center u-container-style u-list-item u-radius u-repeater-item u-shape-round u-white u-list-item-2\">\n                      <div class=\"u-container-layout u-similar-container u-container-layout-4\">\n                        <a href=\"https:\/\/cnth.org\/wordpress\/fr\/home\/\" class=\"u-align-center u-border-none u-btn u-btn-round u-button-style u-hover-palette-1-base u-palette-1-dark-1 u-radius u-btn-2\" title=\"Home\">accueil <\/a>\n                      <\/div>\n                    <\/div>\n                  <\/div>\n                <\/div>\n              <\/div>\n            <\/div>\n          <\/div>\n        <\/div>\n      <\/div>\n    <\/section>\n    \n    \n    \n  \n","protected":false},"excerpt":{"rendered":"<p>Nos supports Catamaran Des sensations de glisse exceptionnelles d\u00e8s le plus jeune \u00e2ge! XS 10.5 Erplast Bateau d\u2019initiation destin\u00e9 aux 7-11 ans, vos petits mousses pourront surfer sur les vagues comme les grands, et en plus ils pourront emmener leur copain ! Topaz 12 Bateau de perfectionnement adapt\u00e9 pour les 9-12 ans, ses performances sont &hellip; <a href=\"https:\/\/cnth.org\/wordpress\/nos-supports\/\" class=\"more-link\">Continue reading<span class=\"screen-reader-text\"> &#8220;Nos supports&#8221;<\/span><\/a><\/p>\n","protected":false},"author":1,"featured_media":0,"parent":0,"menu_order":6,"comment_status":"closed","ping_status":"closed","template":"","meta":{"footnotes":""},"class_list":["post-1919","page","type-page","status-publish","hentry"],"yoast_head":"<!-- This site is optimized with the Yoast SEO plugin v27.2 - https:\/\/yoast.com\/product\/yoast-seo-wordpress\/ -->\n<title>Nos supports - CNTH<\/title>\n<meta name=\"description\" content=\"D\u00e9couvrez les diff\u00e9rents supports pratiqu\u00e9s au CNTH - catamaran, planche \u00e0 voile, char \u00e0 voile, speed sail, surf, kayak, paddle\" \/>\n<meta name=\"robots\" content=\"index, follow, max-snippet:-1, max-image-preview:large, max-video-preview:-1\" \/>\n<link rel=\"canonical\" href=\"https:\/\/cnth.org\/wordpress\/nos-supports\/\" \/>\n<meta property=\"og:locale\" content=\"en_US\" \/>\n<meta property=\"og:type\" content=\"article\" \/>\n<meta property=\"og:title\" content=\"Nos supports - CNTH\" \/>\n<meta property=\"og:description\" content=\"D\u00e9couvrez les diff\u00e9rents supports pratiqu\u00e9s au CNTH - catamaran, planche \u00e0 voile, char \u00e0 voile, speed sail, surf, kayak, paddle\" \/>\n<meta property=\"og:url\" content=\"https:\/\/cnth.org\/wordpress\/nos-supports\/\" \/>\n<meta property=\"og:site_name\" content=\"CNTH\" \/>\n<meta property=\"article:modified_time\" content=\"2025-04-08T08:34:11+00:00\" \/>\n<meta property=\"og:image\" content=\"https:\/\/cnth.org\/wordpress\/wp-content\/uploads\/2025\/04\/logoBleunuit_cnth.png\" \/>\n\t<meta property=\"og:image:width\" content=\"1000\" \/>\n\t<meta property=\"og:image:height\" content=\"1163\" \/>\n\t<meta property=\"og:image:type\" content=\"image\/png\" \/>\n<meta name=\"twitter:card\" content=\"summary_large_image\" \/>\n<meta name=\"twitter:label1\" content=\"Est. reading time\" \/>\n\t<meta name=\"twitter:data1\" content=\"4 minutes\" \/>\n<script type=\"application\/ld+json\" class=\"yoast-schema-graph\">{\"@context\":\"https:\/\/schema.org\",\"@graph\":[{\"@type\":\"WebPage\",\"@id\":\"https:\/\/cnth.org\/wordpress\/nos-supports\/\",\"url\":\"https:\/\/cnth.org\/wordpress\/nos-supports\/\",\"name\":\"Nos supports - CNTH\",\"isPartOf\":{\"@id\":\"https:\/\/cnth.org\/wordpress\/en\/#website\"},\"datePublished\":\"2025-04-04T11:51:55+00:00\",\"dateModified\":\"2025-04-08T08:34:11+00:00\",\"description\":\"D\u00e9couvrez les diff\u00e9rents supports pratiqu\u00e9s au CNTH - catamaran, planche \u00e0 voile, char \u00e0 voile, speed sail, surf, kayak, paddle\",\"breadcrumb\":{\"@id\":\"https:\/\/cnth.org\/wordpress\/nos-supports\/#breadcrumb\"},\"inLanguage\":\"en-US\",\"potentialAction\":[{\"@type\":\"ReadAction\",\"target\":[\"https:\/\/cnth.org\/wordpress\/nos-supports\/\"]}]},{\"@type\":\"BreadcrumbList\",\"@id\":\"https:\/\/cnth.org\/wordpress\/nos-supports\/#breadcrumb\",\"itemListElement\":[{\"@type\":\"ListItem\",\"position\":1,\"name\":\"Accueil\",\"item\":\"https:\/\/cnth.org\/wordpress\/\"},{\"@type\":\"ListItem\",\"position\":2,\"name\":\"Nos supports\"}]},{\"@type\":\"WebSite\",\"@id\":\"https:\/\/cnth.org\/wordpress\/en\/#website\",\"url\":\"https:\/\/cnth.org\/wordpress\/en\/\",\"name\":\"CNTH\",\"description\":\"Club Nautique de Trouville-Hennequeville\",\"publisher\":{\"@id\":\"https:\/\/cnth.org\/wordpress\/en\/#organization\"},\"alternateName\":\"Voile en Normandie - CNTH\",\"potentialAction\":[{\"@type\":\"SearchAction\",\"target\":{\"@type\":\"EntryPoint\",\"urlTemplate\":\"https:\/\/cnth.org\/wordpress\/en\/?s={search_term_string}\"},\"query-input\":{\"@type\":\"PropertyValueSpecification\",\"valueRequired\":true,\"valueName\":\"search_term_string\"}}],\"inLanguage\":\"en-US\"},{\"@type\":\"Organization\",\"@id\":\"https:\/\/cnth.org\/wordpress\/en\/#organization\",\"name\":\"CNTH\",\"url\":\"https:\/\/cnth.org\/wordpress\/en\/\",\"logo\":{\"@type\":\"ImageObject\",\"inLanguage\":\"en-US\",\"@id\":\"https:\/\/cnth.org\/wordpress\/en\/#\/schema\/logo\/image\/\",\"url\":\"https:\/\/cnth.org\/wordpress\/wp-content\/uploads\/2017\/06\/logo-sur-fond-transparent.png\",\"contentUrl\":\"https:\/\/cnth.org\/wordpress\/wp-content\/uploads\/2017\/06\/logo-sur-fond-transparent.png\",\"width\":249,\"height\":243,\"caption\":\"CNTH\"},\"image\":{\"@id\":\"https:\/\/cnth.org\/wordpress\/en\/#\/schema\/logo\/image\/\"}}]}<\/script>\n<!-- \/ Yoast SEO plugin. -->","yoast_head_json":{"title":"Nos supports - CNTH","description":"D\u00e9couvrez les diff\u00e9rents supports pratiqu\u00e9s au CNTH - catamaran, planche \u00e0 voile, char \u00e0 voile, speed sail, surf, kayak, paddle","robots":{"index":"index","follow":"follow","max-snippet":"max-snippet:-1","max-image-preview":"max-image-preview:large","max-video-preview":"max-video-preview:-1"},"canonical":"https:\/\/cnth.org\/wordpress\/nos-supports\/","og_locale":"en_US","og_type":"article","og_title":"Nos supports - CNTH","og_description":"D\u00e9couvrez les diff\u00e9rents supports pratiqu\u00e9s au CNTH - catamaran, planche \u00e0 voile, char \u00e0 voile, speed sail, surf, kayak, paddle","og_url":"https:\/\/cnth.org\/wordpress\/nos-supports\/","og_site_name":"CNTH","article_modified_time":"2025-04-08T08:34:11+00:00","og_image":[{"width":1000,"height":1163,"url":"https:\/\/cnth.org\/wordpress\/wp-content\/uploads\/2025\/04\/logoBleunuit_cnth.png","type":"image\/png"}],"twitter_card":"summary_large_image","twitter_misc":{"Est. reading time":"4 minutes"},"schema":{"@context":"https:\/\/schema.org","@graph":[{"@type":"WebPage","@id":"https:\/\/cnth.org\/wordpress\/nos-supports\/","url":"https:\/\/cnth.org\/wordpress\/nos-supports\/","name":"Nos supports - CNTH","isPartOf":{"@id":"https:\/\/cnth.org\/wordpress\/en\/#website"},"datePublished":"2025-04-04T11:51:55+00:00","dateModified":"2025-04-08T08:34:11+00:00","description":"D\u00e9couvrez les diff\u00e9rents supports pratiqu\u00e9s au CNTH - catamaran, planche \u00e0 voile, char \u00e0 voile, speed sail, surf, kayak, paddle","breadcrumb":{"@id":"https:\/\/cnth.org\/wordpress\/nos-supports\/#breadcrumb"},"inLanguage":"en-US","potentialAction":[{"@type":"ReadAction","target":["https:\/\/cnth.org\/wordpress\/nos-supports\/"]}]},{"@type":"BreadcrumbList","@id":"https:\/\/cnth.org\/wordpress\/nos-supports\/#breadcrumb","itemListElement":[{"@type":"ListItem","position":1,"name":"Accueil","item":"https:\/\/cnth.org\/wordpress\/"},{"@type":"ListItem","position":2,"name":"Nos supports"}]},{"@type":"WebSite","@id":"https:\/\/cnth.org\/wordpress\/en\/#website","url":"https:\/\/cnth.org\/wordpress\/en\/","name":"CNTH","description":"Club Nautique de Trouville-Hennequeville","publisher":{"@id":"https:\/\/cnth.org\/wordpress\/en\/#organization"},"alternateName":"Voile en Normandie - CNTH","potentialAction":[{"@type":"SearchAction","target":{"@type":"EntryPoint","urlTemplate":"https:\/\/cnth.org\/wordpress\/en\/?s={search_term_string}"},"query-input":{"@type":"PropertyValueSpecification","valueRequired":true,"valueName":"search_term_string"}}],"inLanguage":"en-US"},{"@type":"Organization","@id":"https:\/\/cnth.org\/wordpress\/en\/#organization","name":"CNTH","url":"https:\/\/cnth.org\/wordpress\/en\/","logo":{"@type":"ImageObject","inLanguage":"en-US","@id":"https:\/\/cnth.org\/wordpress\/en\/#\/schema\/logo\/image\/","url":"https:\/\/cnth.org\/wordpress\/wp-content\/uploads\/2017\/06\/logo-sur-fond-transparent.png","contentUrl":"https:\/\/cnth.org\/wordpress\/wp-content\/uploads\/2017\/06\/logo-sur-fond-transparent.png","width":249,"height":243,"caption":"CNTH"},"image":{"@id":"https:\/\/cnth.org\/wordpress\/en\/#\/schema\/logo\/image\/"}}]}},"_links":{"self":[{"href":"https:\/\/cnth.org\/wordpress\/wp-json\/wp\/v2\/pages\/1919","targetHints":{"allow":["GET"]}}],"collection":[{"href":"https:\/\/cnth.org\/wordpress\/wp-json\/wp\/v2\/pages"}],"about":[{"href":"https:\/\/cnth.org\/wordpress\/wp-json\/wp\/v2\/types\/page"}],"author":[{"embeddable":true,"href":"https:\/\/cnth.org\/wordpress\/wp-json\/wp\/v2\/users\/1"}],"replies":[{"embeddable":true,"href":"https:\/\/cnth.org\/wordpress\/wp-json\/wp\/v2\/comments?post=1919"}],"version-history":[{"count":2,"href":"https:\/\/cnth.org\/wordpress\/wp-json\/wp\/v2\/pages\/1919\/revisions"}],"predecessor-version":[{"id":2021,"href":"https:\/\/cnth.org\/wordpress\/wp-json\/wp\/v2\/pages\/1919\/revisions\/2021"}],"wp:attachment":[{"href":"https:\/\/cnth.org\/wordpress\/wp-json\/wp\/v2\/media?parent=1919"}],"curies":[{"name":"wp","href":"https:\/\/api.w.org\/{rel}","templated":true}]}}