{"id":1920,"date":"2025-04-04T13:51:56","date_gmt":"2025-04-04T11:51:56","guid":{"rendered":"https:\/\/cnth.org\/wordpress\/sitemap\/"},"modified":"2025-04-04T13:52:02","modified_gmt":"2025-04-04T11:52:02","slug":"sitemap","status":"publish","type":"page","link":"https:\/\/cnth.org\/wordpress\/sitemap\/","title":{"rendered":"Sitemap"},"content":{"rendered":"\n  \n    <section class=\"u-clearfix u-section-1\" id=\"block-1\">\n      <div class=\"u-clearfix u-sheet u-valign-middle u-sheet-1\">\n        <div class=\"u-expanded-width u-shortcode u-shortcode-1\"><div class=\"wsp-container\"><h2 class=\"wsp-pages-title\">Pages<\/h2>\n<ul class=\"wsp-pages-list\">\n<li class=\"page_item page-item-2160\"><a href=\"https:\/\/cnth.org\/wordpress\/contact\/\">Contact<\/a><\/li>\n<li class=\"page_item page-item-1914\"><a href=\"https:\/\/cnth.org\/wordpress\/tarifs\/\">Nos tarifs<\/a><\/li>\n<li class=\"page_item page-item-1915\"><a href=\"https:\/\/cnth.org\/wordpress\/formation\/\">Formation moniteur<\/a><\/li>\n<li class=\"page_item page-item-1916\"><a href=\"https:\/\/cnth.org\/wordpress\/mentions-legales\/\">Mentions L\u00e9gales<\/a><\/li>\n<li class=\"page_item page-item-1917\"><a href=\"https:\/\/cnth.org\/wordpress\/actualites\/\">Actualit\u00e9s Agenda<\/a><\/li>\n<li class=\"page_item page-item-1918\"><a href=\"https:\/\/cnth.org\/wordpress\/\">Voile en Normandie &#8211; CNTH<\/a><\/li>\n<li class=\"page_item page-item-1919\"><a href=\"https:\/\/cnth.org\/wordpress\/nos-supports\/\">Nos supports<\/a><\/li>\n<li class=\"page_item page-item-1920\"><a href=\"https:\/\/cnth.org\/wordpress\/sitemap\/\">Sitemap<\/a><\/li>\n<li class=\"page_item page-item-1921\"><a href=\"https:\/\/cnth.org\/wordpress\/securite\/\">S\u00e9curit\u00e9 &#038; R\u00e8glement int\u00e9rieur<\/a><\/li>\n<li class=\"page_item page-item-1922\"><a href=\"https:\/\/cnth.org\/wordpress\/pratiquer-au-club\/\">Pratiquer au club<\/a><\/li>\n<\/ul>\n<\/div><\/div>\n      <\/div>\n    <\/section>\n    \n    \n    \n    \n  \n","protected":false},"excerpt":{"rendered":"","protected":false},"author":1,"featured_media":0,"parent":0,"menu_order":7,"comment_status":"closed","ping_status":"closed","template":"","meta":{"footnotes":""},"class_list":["post-1920","page","type-page","status-publish","hentry"],"yoast_head":"<!-- This site is optimized with the Yoast SEO plugin v27.2 - https:\/\/yoast.com\/product\/yoast-seo-wordpress\/ -->\n<title>Sitemap - CNTH<\/title>\n<meta name=\"robots\" content=\"index, follow, max-snippet:-1, max-image-preview:large, max-video-preview:-1\" \/>\n<link rel=\"canonical\" href=\"https:\/\/cnth.org\/wordpress\/fr\/sitemap\/\" \/>\n<meta property=\"og:locale\" content=\"fr_FR\" \/>\n<meta property=\"og:type\" content=\"article\" \/>\n<meta property=\"og:title\" content=\"Sitemap - CNTH\" \/>\n<meta property=\"og:url\" content=\"https:\/\/cnth.org\/wordpress\/fr\/sitemap\/\" \/>\n<meta property=\"og:site_name\" content=\"CNTH\" \/>\n<meta property=\"article:modified_time\" content=\"2025-04-04T11:52:02+00:00\" \/>\n<meta property=\"og:image\" content=\"https:\/\/cnth.org\/wordpress\/wp-content\/uploads\/2025\/04\/logoBleunuit_cnth.png\" \/>\n\t<meta property=\"og:image:width\" content=\"1000\" \/>\n\t<meta property=\"og:image:height\" content=\"1163\" \/>\n\t<meta property=\"og:image:type\" content=\"image\/png\" \/>\n<meta name=\"twitter:card\" content=\"summary_large_image\" \/>\n<script type=\"application\/ld+json\" class=\"yoast-schema-graph\">{\"@context\":\"https:\/\/schema.org\",\"@graph\":[{\"@type\":\"WebPage\",\"@id\":\"https:\/\/cnth.org\/wordpress\/fr\/sitemap\/\",\"url\":\"https:\/\/cnth.org\/wordpress\/fr\/sitemap\/\",\"name\":\"Sitemap - CNTH\",\"isPartOf\":{\"@id\":\"https:\/\/cnth.org\/wordpress\/en\/#website\"},\"datePublished\":\"2025-04-04T11:51:56+00:00\",\"dateModified\":\"2025-04-04T11:52:02+00:00\",\"breadcrumb\":{\"@id\":\"https:\/\/cnth.org\/wordpress\/fr\/sitemap\/#breadcrumb\"},\"inLanguage\":\"fr-FR\",\"potentialAction\":[{\"@type\":\"ReadAction\",\"target\":[\"https:\/\/cnth.org\/wordpress\/fr\/sitemap\/\"]}]},{\"@type\":\"BreadcrumbList\",\"@id\":\"https:\/\/cnth.org\/wordpress\/fr\/sitemap\/#breadcrumb\",\"itemListElement\":[{\"@type\":\"ListItem\",\"position\":1,\"name\":\"Accueil\",\"item\":\"https:\/\/cnth.org\/wordpress\/\"},{\"@type\":\"ListItem\",\"position\":2,\"name\":\"Sitemap\"}]},{\"@type\":\"WebSite\",\"@id\":\"https:\/\/cnth.org\/wordpress\/en\/#website\",\"url\":\"https:\/\/cnth.org\/wordpress\/en\/\",\"name\":\"CNTH\",\"description\":\"Club Nautique de Trouville-Hennequeville\",\"publisher\":{\"@id\":\"https:\/\/cnth.org\/wordpress\/en\/#organization\"},\"alternateName\":\"Voile en Normandie - CNTH\",\"potentialAction\":[{\"@type\":\"SearchAction\",\"target\":{\"@type\":\"EntryPoint\",\"urlTemplate\":\"https:\/\/cnth.org\/wordpress\/en\/?s={search_term_string}\"},\"query-input\":{\"@type\":\"PropertyValueSpecification\",\"valueRequired\":true,\"valueName\":\"search_term_string\"}}],\"inLanguage\":\"fr-FR\"},{\"@type\":\"Organization\",\"@id\":\"https:\/\/cnth.org\/wordpress\/en\/#organization\",\"name\":\"CNTH\",\"url\":\"https:\/\/cnth.org\/wordpress\/en\/\",\"logo\":{\"@type\":\"ImageObject\",\"inLanguage\":\"fr-FR\",\"@id\":\"https:\/\/cnth.org\/wordpress\/en\/#\/schema\/logo\/image\/\",\"url\":\"https:\/\/cnth.org\/wordpress\/wp-content\/uploads\/2017\/06\/logo-sur-fond-transparent.png\",\"contentUrl\":\"https:\/\/cnth.org\/wordpress\/wp-content\/uploads\/2017\/06\/logo-sur-fond-transparent.png\",\"width\":249,\"height\":243,\"caption\":\"CNTH\"},\"image\":{\"@id\":\"https:\/\/cnth.org\/wordpress\/en\/#\/schema\/logo\/image\/\"}}]}<\/script>\n<!-- \/ Yoast SEO plugin. -->","yoast_head_json":{"title":"Sitemap - CNTH","robots":{"index":"index","follow":"follow","max-snippet":"max-snippet:-1","max-image-preview":"max-image-preview:large","max-video-preview":"max-video-preview:-1"},"canonical":"https:\/\/cnth.org\/wordpress\/fr\/sitemap\/","og_locale":"fr_FR","og_type":"article","og_title":"Sitemap - CNTH","og_url":"https:\/\/cnth.org\/wordpress\/fr\/sitemap\/","og_site_name":"CNTH","article_modified_time":"2025-04-04T11:52:02+00:00","og_image":[{"width":1000,"height":1163,"url":"https:\/\/cnth.org\/wordpress\/wp-content\/uploads\/2025\/04\/logoBleunuit_cnth.png","type":"image\/png"}],"twitter_card":"summary_large_image","schema":{"@context":"https:\/\/schema.org","@graph":[{"@type":"WebPage","@id":"https:\/\/cnth.org\/wordpress\/fr\/sitemap\/","url":"https:\/\/cnth.org\/wordpress\/fr\/sitemap\/","name":"Sitemap - CNTH","isPartOf":{"@id":"https:\/\/cnth.org\/wordpress\/en\/#website"},"datePublished":"2025-04-04T11:51:56+00:00","dateModified":"2025-04-04T11:52:02+00:00","breadcrumb":{"@id":"https:\/\/cnth.org\/wordpress\/fr\/sitemap\/#breadcrumb"},"inLanguage":"fr-FR","potentialAction":[{"@type":"ReadAction","target":["https:\/\/cnth.org\/wordpress\/fr\/sitemap\/"]}]},{"@type":"BreadcrumbList","@id":"https:\/\/cnth.org\/wordpress\/fr\/sitemap\/#breadcrumb","itemListElement":[{"@type":"ListItem","position":1,"name":"Accueil","item":"https:\/\/cnth.org\/wordpress\/"},{"@type":"ListItem","position":2,"name":"Sitemap"}]},{"@type":"WebSite","@id":"https:\/\/cnth.org\/wordpress\/en\/#website","url":"https:\/\/cnth.org\/wordpress\/en\/","name":"CNTH","description":"Club Nautique de Trouville-Hennequeville","publisher":{"@id":"https:\/\/cnth.org\/wordpress\/en\/#organization"},"alternateName":"Voile en Normandie - CNTH","potentialAction":[{"@type":"SearchAction","target":{"@type":"EntryPoint","urlTemplate":"https:\/\/cnth.org\/wordpress\/en\/?s={search_term_string}"},"query-input":{"@type":"PropertyValueSpecification","valueRequired":true,"valueName":"search_term_string"}}],"inLanguage":"fr-FR"},{"@type":"Organization","@id":"https:\/\/cnth.org\/wordpress\/en\/#organization","name":"CNTH","url":"https:\/\/cnth.org\/wordpress\/en\/","logo":{"@type":"ImageObject","inLanguage":"fr-FR","@id":"https:\/\/cnth.org\/wordpress\/en\/#\/schema\/logo\/image\/","url":"https:\/\/cnth.org\/wordpress\/wp-content\/uploads\/2017\/06\/logo-sur-fond-transparent.png","contentUrl":"https:\/\/cnth.org\/wordpress\/wp-content\/uploads\/2017\/06\/logo-sur-fond-transparent.png","width":249,"height":243,"caption":"CNTH"},"image":{"@id":"https:\/\/cnth.org\/wordpress\/en\/#\/schema\/logo\/image\/"}}]}},"_links":{"self":[{"href":"https:\/\/cnth.org\/wordpress\/wp-json\/wp\/v2\/pages\/1920","targetHints":{"allow":["GET"]}}],"collection":[{"href":"https:\/\/cnth.org\/wordpress\/wp-json\/wp\/v2\/pages"}],"about":[{"href":"https:\/\/cnth.org\/wordpress\/wp-json\/wp\/v2\/types\/page"}],"author":[{"embeddable":true,"href":"https:\/\/cnth.org\/wordpress\/wp-json\/wp\/v2\/users\/1"}],"replies":[{"embeddable":true,"href":"https:\/\/cnth.org\/wordpress\/wp-json\/wp\/v2\/comments?post=1920"}],"version-history":[{"count":1,"href":"https:\/\/cnth.org\/wordpress\/wp-json\/wp\/v2\/pages\/1920\/revisions"}],"predecessor-version":[{"id":1935,"href":"https:\/\/cnth.org\/wordpress\/wp-json\/wp\/v2\/pages\/1920\/revisions\/1935"}],"wp:attachment":[{"href":"https:\/\/cnth.org\/wordpress\/wp-json\/wp\/v2\/media?parent=1920"}],"curies":[{"name":"wp","href":"https:\/\/api.w.org\/{rel}","templated":true}]}}