{"id":1921,"date":"2025-04-04T13:51:57","date_gmt":"2025-04-04T11:51:57","guid":{"rendered":"https:\/\/cnth.org\/wordpress\/securite\/"},"modified":"2026-03-25T13:46:48","modified_gmt":"2026-03-25T12:46:48","slug":"securite","status":"publish","type":"page","link":"https:\/\/cnth.org\/wordpress\/securite\/","title":{"rendered":"S\u00e9curit\u00e9 &#038; R\u00e8glement int\u00e9rieur"},"content":{"rendered":"\n  \n    \n    <section class=\"skrollable skrollable-between u-align-center u-clearfix u-container-align-center u-image u-shading u-section-2\" id=\"sec-23f8\" src=\"\" data-image-width=\"640\" data-image-height=\"213\" style=\"background-image: linear-gradient(0deg, rgba(0, 0, 0, 0.3), rgba(0, 0, 0, 0.3)), url(&quot;https:\/\/cnth.org\/wordpress\/wp-content\/uploads\/2025\/04\/moniteurs.png&quot;);\">\n      <div class=\"u-clearfix u-sheet u-valign-middle u-sheet-1\">\n        <h1 class=\"u-align-left u-text u-text-1\">S\u00e9curit\u00e9<\/h1>\n        <div class=\"u-container-style u-group u-shape-rectangle u-group-1\">\n          <div class=\"u-container-layout u-container-layout-1\">\n            <p class=\"u-text u-text-2\"> Au CNTH vous pratiquerez librement votre passion en toute s\u00e9curit\u00e9.<\/p>\n            <ul class=\"u-text u-text-3\">\n              <li> Au quotidien, elle est tout d\u2019abord dite \u00ab passive \u00bb par la \nv\u00e9rification r\u00e9guli\u00e8re des \u00e9quipements de s\u00e9curit\u00e9, gilets, \ncombinaisons, et mat\u00e9riel embarqu\u00e9, ainsi que la mise \u00e0 jour du registre\n d\u2019entretien des embarcations. <\/li>\n              <li> Elle est ensuite \u00ab active \u00bb avec la surveillance d\u2019une zone de \nnavigation bien d\u00e9limit\u00e9e, par la prise du bulletin d\u2019information \nm\u00e9t\u00e9orologique avant chaque sortie et en v\u00e9rifiant la tenue \nvestimentaire des navigateurs. <\/li>\n            <\/ul>\n            <p class=\"u-text u-text-4\"> La s\u00e9curit\u00e9 c\u2019est aussi un esprit club, tout pratiquant peut \nb\u00e9n\u00e9ficier des conseils des professionnels sur le plan d\u2019eau et prendre \nconnaissance des informations m\u00e9t\u00e9orologiques affich\u00e9es au Club House. \nTout membre du club b\u00e9n\u00e9ficie d\u2019une surveillance pendant les cr\u00e9neaux \nd\u2019ouverture du CNTH <br>\n              <br>Le CNTH est \u00e9quip\u00e9 de 10 bateaux de s\u00e9curit\u00e9 entretenus et renouvel\u00e9s r\u00e9guli\u00e8rement.&nbsp; &nbsp; &nbsp; &nbsp; &nbsp; &nbsp; &nbsp;&nbsp; \n            <\/p>\n          <\/div>\n        <\/div>\n        <a href=\"https:\/\/www.cnth.org\/documents\/REGLEMENT_INTERIEUR_CNTH.pdf\" class=\"u-border-none u-btn u-btn-round u-button-style u-hover-palette-1-base u-palette-1-dark-1 u-radius u-btn-1\" target=\"_blank\">r\u00e8glement int\u00e9rieur <\/a>\n      <\/div>\n      <style data-mode=\"XXL\">@media (max-width: 0px) {\n   .u-section-2 {\n    background-image: linear-gradient(0deg, rgba(0, 0, 0, 0.3), rgba(0, 0, 0, 0.3)), url('https:\/\/cnth.org\/wordpress\/wp-content\/uploads\/2025\/04\/smart-pensive-redhead-hipster-with-full-beard-glasses-dressed-casual-clothes-poses-with-hand-chin-studio-isolated-dark-background5-min.jpg');\n    background-position: 50% 50%;\n  }\n  .u-section-2 .u-sheet-1 {\n    min-height: 792px;\n  }\n  .u-section-2 .u-text-1 {\n    text-shadow: 2px 2px 8px rgba(0,0,0,0.4);\n    --animation-custom_in-translate_x: 300px;\n    --animation-custom_in-translate_y: 0px;\n    --animation-custom_in-opacity: 0;\n    --animation-custom_in-rotate: 0deg;\n    --animation-custom_in-scale: 0.3;\n    font-size: 5.625rem;\n    text-transform: uppercase;\n    font-weight: 700;\n    margin-top: 60px;\n    margin-right: 525px;\n    margin-bottom: 0;\n    margin-left: 0;\n  }\n  .u-block-8883-39 {\n    text-shadow: 2px 2px 8px rgba(0,0,0,0.4);\n    --animation-custom_in-translate_x: 300px;\n    --animation-custom_in-translate_y: 0px;\n    --animation-custom_in-opacity: 0;\n    --animation-custom_in-rotate: 0deg;\n    --animation-custom_in-scale: 0.3;\n    margin-top: 30px;\n    margin-right: 525px;\n    margin-bottom: 0;\n    margin-left: 0;\n  }\n  .u-block-8883-10 {\n    text-transform: uppercase;\n    font-weight: 700;\n    letter-spacing: 2px;\n    font-size: 1rem;\n    background-image: none;\n    --animation-custom_in-translate_x: 300px;\n    --animation-custom_in-translate_y: 0px;\n    --animation-custom_in-opacity: 0;\n    --animation-custom_in-rotate: 0deg;\n    --animation-custom_in-scale: 1;\n    margin-top: 45px;\n    margin-right: auto;\n    margin-bottom: 0;\n    margin-left: 0;\n    padding-top: 18px;\n    padding-right: 42px;\n    padding-bottom: 18px;\n    padding-left: 41px;\n  }\n  .u-block-8883-40 {\n    --animation-custom_in-translate_x: 300px;\n    --animation-custom_in-translate_y: 0px;\n    --animation-custom_in-opacity: 0;\n    --animation-custom_in-rotate: 0deg;\n    --animation-custom_in-scale: 0.3;\n    margin-top: 45px;\n    margin-right: auto;\n    margin-bottom: 60px;\n    margin-left: 0;\n  }\n  .u-block-8883-41 {\n    background-image: none;\n    border-style: solid;\n    margin-left: auto;\n    padding-top: 0;\n    padding-bottom: 0;\n    padding-left: 0;\n    padding-right: 0;\n  }\n}<\/style>\n    <\/section>\n    <section class=\"u-clearfix u-container-align-center u-valign-bottom-xl u-valign-bottom-xs u-valign-middle-lg u-valign-middle-md u-valign-middle-sm u-section-3\" id=\"sec-db7c\">\n      <div class=\"data-layout-selected u-clearfix u-expanded-width u-layout-wrap u-layout-wrap-1\">\n        <div class=\"u-layout\">\n          <div class=\"u-layout-col\">\n            <div class=\"u-container-style u-image u-layout-cell u-shading u-size-30 u-image-1\" data-image-width=\"1280\" data-image-height=\"853\" style=\"background-image: linear-gradient(rgba(0, 0, 0, 0.25), rgba(0, 0, 0, 0.25)), url(&quot;https:\/\/cnth.org\/wordpress\/wp-content\/uploads\/2025\/04\/edea0e72a1899daf76a5d8f75a2b5f296c487b45900a746e81a6edf3cbdd96c28a8c1ab92080d18bcdab517f23f3032dee7fd5e601f4d6cd38ad57_1280.jpg&quot;);\">\n              <div class=\"u-container-layout u-container-layout-1\"><\/div>\n            <\/div>\n            <div class=\"u-container-align-center u-container-style u-layout-cell u-palette-1-dark-1 u-size-30 u-layout-cell-2\">\n              <div class=\"u-container-layout u-container-layout-2\">\n                <div class=\"custom-expanded u-list u-list-1\">\n                  <div class=\"u-repeater u-repeater-1\">\n                    <div class=\"u-align-center u-container-align-center u-container-align-center-xl u-container-style u-list-item u-radius u-repeater-item u-shape-round u-white u-list-item-1\">\n                      <div class=\"u-container-layout u-similar-container u-container-layout-3\">\n                        <a href=\"https:\/\/www.ffvoile.fr\/ffv\/web\/services\/securite.asp\" class=\"u-align-center u-border-none u-btn u-btn-round u-button-style u-hover-palette-1-base u-palette-1-dark-1 u-radius u-btn-1\" title=\"S\u00e9curit\u00e9 FFvoile\" target=\"_blank\">s\u00e9curit\u00e9 ffv\u200boile<\/a>\n                      <\/div>\n                    <\/div>\n                    <div class=\"u-align-center u-container-align-center u-container-align-center-xl u-container-style u-list-item u-radius u-repeater-item u-shape-round u-white u-list-item-2\">\n                      <div class=\"u-container-layout u-similar-container u-container-layout-4\">\n                        <a href=\"https:\/\/www.mer.gouv.fr\/regles-de-securite-pour-les-loisirs-nautiques-en-mer\" class=\"u-align-center u-border-none u-btn u-btn-round u-button-style u-hover-palette-1-base u-palette-1-dark-1 u-radius u-btn-2\" title=\"S\u00e9curit\u00e9 Gouvernement\">s\u00e9curit\u00e9 gouvernement <\/a>\n                      <\/div>\n                    <\/div>\n                    <div class=\"u-align-center u-container-align-center u-container-align-center-xl u-container-style u-list-item u-radius u-repeater-item u-shape-round u-white u-list-item-3\">\n                      <div class=\"u-container-layout u-similar-container u-container-layout-5\">\n                        <a href=\"https:\/\/www.legifrance.gouv.fr\/loda\/id\/JORFTEXT000000205287\" class=\"u-align-center u-border-none u-btn u-btn-round u-button-style u-hover-palette-1-base u-palette-1-dark-1 u-radius u-btn-3\" title=\"Home\" target=\"_blank\">arr\u00eat\u00e9 1998 <\/a>\n                      <\/div>\n                    <\/div>\n                    <div class=\"u-align-center u-container-align-center u-container-align-center-xl u-container-style u-list-item u-radius u-repeater-item u-shape-round u-white u-list-item-4\">\n                      <div class=\"u-container-layout u-similar-container u-container-layout-6\">\n                        <a href=\"https:\/\/cnth.org\/wordpress\/fr\/home\/\" class=\"u-align-center u-border-none u-btn u-btn-round u-button-style u-hover-palette-1-base u-palette-1-dark-1 u-radius u-btn-4\" title=\"Home\">accueil <\/a>\n                      <\/div>\n                    <\/div>\n                  <\/div>\n                <\/div>\n              <\/div>\n            <\/div>\n          <\/div>\n        <\/div>\n      <\/div>\n    <\/section>\n    \n    \n    \n  \n","protected":false},"excerpt":{"rendered":"<p>S\u00e9curit\u00e9 Au CNTH vous pratiquerez librement votre passion en toute s\u00e9curit\u00e9. Au quotidien, elle est tout d\u2019abord dite \u00ab passive \u00bb par la v\u00e9rification r\u00e9guli\u00e8re des \u00e9quipements de s\u00e9curit\u00e9, gilets, combinaisons, et mat\u00e9riel embarqu\u00e9, ainsi que la mise \u00e0 jour du registre d\u2019entretien des embarcations. Elle est ensuite \u00ab active \u00bb avec la surveillance d\u2019une &hellip; <a href=\"https:\/\/cnth.org\/wordpress\/securite\/\" class=\"more-link\">Continue reading<span class=\"screen-reader-text\"> \u00ab\u00a0S\u00e9curit\u00e9 &#038; R\u00e8glement int\u00e9rieur\u00a0\u00bb<\/span><\/a><\/p>\n","protected":false},"author":1,"featured_media":1901,"parent":0,"menu_order":8,"comment_status":"closed","ping_status":"closed","template":"","meta":{"footnotes":""},"class_list":["post-1921","page","type-page","status-publish","has-post-thumbnail","hentry"],"yoast_head":"<!-- This site is optimized with the Yoast SEO plugin v27.2 - https:\/\/yoast.com\/product\/yoast-seo-wordpress\/ -->\n<title>S\u00e9curit\u00e9 &amp; R\u00e8glement int\u00e9rieur - CNTH<\/title>\n<meta name=\"description\" content=\"Pour que nos membres et nos \u00e9l\u00e8ves puissent pratiquer en toute tranquillit\u00e9, la s\u00e9curit\u00e9 est l&#039;une des priorit\u00e9s majeures du CNTH\" \/>\n<meta name=\"robots\" content=\"index, follow, max-snippet:-1, max-image-preview:large, max-video-preview:-1\" \/>\n<link rel=\"canonical\" href=\"https:\/\/cnth.org\/wordpress\/securite\/\" \/>\n<meta property=\"og:locale\" content=\"fr_FR\" \/>\n<meta property=\"og:type\" content=\"article\" \/>\n<meta property=\"og:title\" content=\"S\u00e9curit\u00e9 &amp; R\u00e8glement int\u00e9rieur - CNTH\" \/>\n<meta property=\"og:description\" content=\"Pour que nos membres et nos \u00e9l\u00e8ves puissent pratiquer en toute tranquillit\u00e9, la s\u00e9curit\u00e9 est l&#039;une des priorit\u00e9s majeures du CNTH\" \/>\n<meta property=\"og:url\" content=\"https:\/\/cnth.org\/wordpress\/securite\/\" \/>\n<meta property=\"og:site_name\" content=\"CNTH\" \/>\n<meta property=\"article:modified_time\" content=\"2026-03-25T12:46:48+00:00\" \/>\n<meta property=\"og:image\" content=\"https:\/\/cnth.org\/wordpress\/wp-content\/uploads\/2025\/04\/moniteurs.png\" \/>\n\t<meta property=\"og:image:width\" content=\"640\" \/>\n\t<meta property=\"og:image:height\" content=\"213\" \/>\n\t<meta property=\"og:image:type\" content=\"image\/png\" \/>\n<meta name=\"twitter:card\" content=\"summary_large_image\" \/>\n<meta name=\"twitter:label1\" content=\"Dur\u00e9e de lecture estim\u00e9e\" \/>\n\t<meta name=\"twitter:data1\" content=\"1 minute\" \/>\n<script type=\"application\/ld+json\" class=\"yoast-schema-graph\">{\"@context\":\"https:\/\/schema.org\",\"@graph\":[{\"@type\":\"WebPage\",\"@id\":\"https:\/\/cnth.org\/wordpress\/securite\/\",\"url\":\"https:\/\/cnth.org\/wordpress\/securite\/\",\"name\":\"S\u00e9curit\u00e9 & R\u00e8glement int\u00e9rieur - CNTH\",\"isPartOf\":{\"@id\":\"https:\/\/cnth.org\/wordpress\/en\/#website\"},\"primaryImageOfPage\":{\"@id\":\"https:\/\/cnth.org\/wordpress\/securite\/#primaryimage\"},\"image\":{\"@id\":\"https:\/\/cnth.org\/wordpress\/securite\/#primaryimage\"},\"thumbnailUrl\":\"https:\/\/cnth.org\/wordpress\/wp-content\/uploads\/2025\/04\/moniteurs.png\",\"datePublished\":\"2025-04-04T11:51:57+00:00\",\"dateModified\":\"2026-03-25T12:46:48+00:00\",\"description\":\"Pour que nos membres et nos \u00e9l\u00e8ves puissent pratiquer en toute tranquillit\u00e9, la s\u00e9curit\u00e9 est l'une des priorit\u00e9s majeures du CNTH\",\"breadcrumb\":{\"@id\":\"https:\/\/cnth.org\/wordpress\/securite\/#breadcrumb\"},\"inLanguage\":\"fr-FR\",\"potentialAction\":[{\"@type\":\"ReadAction\",\"target\":[\"https:\/\/cnth.org\/wordpress\/securite\/\"]}]},{\"@type\":\"ImageObject\",\"inLanguage\":\"fr-FR\",\"@id\":\"https:\/\/cnth.org\/wordpress\/securite\/#primaryimage\",\"url\":\"https:\/\/cnth.org\/wordpress\/wp-content\/uploads\/2025\/04\/moniteurs.png\",\"contentUrl\":\"https:\/\/cnth.org\/wordpress\/wp-content\/uploads\/2025\/04\/moniteurs.png\",\"width\":640,\"height\":213},{\"@type\":\"BreadcrumbList\",\"@id\":\"https:\/\/cnth.org\/wordpress\/securite\/#breadcrumb\",\"itemListElement\":[{\"@type\":\"ListItem\",\"position\":1,\"name\":\"Accueil\",\"item\":\"https:\/\/cnth.org\/wordpress\/\"},{\"@type\":\"ListItem\",\"position\":2,\"name\":\"S\u00e9curit\u00e9 &#038; R\u00e8glement int\u00e9rieur\"}]},{\"@type\":\"WebSite\",\"@id\":\"https:\/\/cnth.org\/wordpress\/en\/#website\",\"url\":\"https:\/\/cnth.org\/wordpress\/en\/\",\"name\":\"CNTH\",\"description\":\"Club Nautique de Trouville-Hennequeville\",\"publisher\":{\"@id\":\"https:\/\/cnth.org\/wordpress\/en\/#organization\"},\"alternateName\":\"Voile en Normandie - CNTH\",\"potentialAction\":[{\"@type\":\"SearchAction\",\"target\":{\"@type\":\"EntryPoint\",\"urlTemplate\":\"https:\/\/cnth.org\/wordpress\/en\/?s={search_term_string}\"},\"query-input\":{\"@type\":\"PropertyValueSpecification\",\"valueRequired\":true,\"valueName\":\"search_term_string\"}}],\"inLanguage\":\"fr-FR\"},{\"@type\":\"Organization\",\"@id\":\"https:\/\/cnth.org\/wordpress\/en\/#organization\",\"name\":\"CNTH\",\"url\":\"https:\/\/cnth.org\/wordpress\/en\/\",\"logo\":{\"@type\":\"ImageObject\",\"inLanguage\":\"fr-FR\",\"@id\":\"https:\/\/cnth.org\/wordpress\/en\/#\/schema\/logo\/image\/\",\"url\":\"https:\/\/cnth.org\/wordpress\/wp-content\/uploads\/2017\/06\/logo-sur-fond-transparent.png\",\"contentUrl\":\"https:\/\/cnth.org\/wordpress\/wp-content\/uploads\/2017\/06\/logo-sur-fond-transparent.png\",\"width\":249,\"height\":243,\"caption\":\"CNTH\"},\"image\":{\"@id\":\"https:\/\/cnth.org\/wordpress\/en\/#\/schema\/logo\/image\/\"}}]}<\/script>\n<!-- \/ Yoast SEO plugin. -->","yoast_head_json":{"title":"S\u00e9curit\u00e9 & R\u00e8glement int\u00e9rieur - CNTH","description":"Pour que nos membres et nos \u00e9l\u00e8ves puissent pratiquer en toute tranquillit\u00e9, la s\u00e9curit\u00e9 est l'une des priorit\u00e9s majeures du CNTH","robots":{"index":"index","follow":"follow","max-snippet":"max-snippet:-1","max-image-preview":"max-image-preview:large","max-video-preview":"max-video-preview:-1"},"canonical":"https:\/\/cnth.org\/wordpress\/securite\/","og_locale":"fr_FR","og_type":"article","og_title":"S\u00e9curit\u00e9 & R\u00e8glement int\u00e9rieur - CNTH","og_description":"Pour que nos membres et nos \u00e9l\u00e8ves puissent pratiquer en toute tranquillit\u00e9, la s\u00e9curit\u00e9 est l'une des priorit\u00e9s majeures du CNTH","og_url":"https:\/\/cnth.org\/wordpress\/securite\/","og_site_name":"CNTH","article_modified_time":"2026-03-25T12:46:48+00:00","og_image":[{"width":640,"height":213,"url":"https:\/\/cnth.org\/wordpress\/wp-content\/uploads\/2025\/04\/moniteurs.png","type":"image\/png"}],"twitter_card":"summary_large_image","twitter_misc":{"Dur\u00e9e de lecture estim\u00e9e":"1 minute"},"schema":{"@context":"https:\/\/schema.org","@graph":[{"@type":"WebPage","@id":"https:\/\/cnth.org\/wordpress\/securite\/","url":"https:\/\/cnth.org\/wordpress\/securite\/","name":"S\u00e9curit\u00e9 & R\u00e8glement int\u00e9rieur - CNTH","isPartOf":{"@id":"https:\/\/cnth.org\/wordpress\/en\/#website"},"primaryImageOfPage":{"@id":"https:\/\/cnth.org\/wordpress\/securite\/#primaryimage"},"image":{"@id":"https:\/\/cnth.org\/wordpress\/securite\/#primaryimage"},"thumbnailUrl":"https:\/\/cnth.org\/wordpress\/wp-content\/uploads\/2025\/04\/moniteurs.png","datePublished":"2025-04-04T11:51:57+00:00","dateModified":"2026-03-25T12:46:48+00:00","description":"Pour que nos membres et nos \u00e9l\u00e8ves puissent pratiquer en toute tranquillit\u00e9, la s\u00e9curit\u00e9 est l'une des priorit\u00e9s majeures du CNTH","breadcrumb":{"@id":"https:\/\/cnth.org\/wordpress\/securite\/#breadcrumb"},"inLanguage":"fr-FR","potentialAction":[{"@type":"ReadAction","target":["https:\/\/cnth.org\/wordpress\/securite\/"]}]},{"@type":"ImageObject","inLanguage":"fr-FR","@id":"https:\/\/cnth.org\/wordpress\/securite\/#primaryimage","url":"https:\/\/cnth.org\/wordpress\/wp-content\/uploads\/2025\/04\/moniteurs.png","contentUrl":"https:\/\/cnth.org\/wordpress\/wp-content\/uploads\/2025\/04\/moniteurs.png","width":640,"height":213},{"@type":"BreadcrumbList","@id":"https:\/\/cnth.org\/wordpress\/securite\/#breadcrumb","itemListElement":[{"@type":"ListItem","position":1,"name":"Accueil","item":"https:\/\/cnth.org\/wordpress\/"},{"@type":"ListItem","position":2,"name":"S\u00e9curit\u00e9 &#038; R\u00e8glement int\u00e9rieur"}]},{"@type":"WebSite","@id":"https:\/\/cnth.org\/wordpress\/en\/#website","url":"https:\/\/cnth.org\/wordpress\/en\/","name":"CNTH","description":"Club Nautique de Trouville-Hennequeville","publisher":{"@id":"https:\/\/cnth.org\/wordpress\/en\/#organization"},"alternateName":"Voile en Normandie - CNTH","potentialAction":[{"@type":"SearchAction","target":{"@type":"EntryPoint","urlTemplate":"https:\/\/cnth.org\/wordpress\/en\/?s={search_term_string}"},"query-input":{"@type":"PropertyValueSpecification","valueRequired":true,"valueName":"search_term_string"}}],"inLanguage":"fr-FR"},{"@type":"Organization","@id":"https:\/\/cnth.org\/wordpress\/en\/#organization","name":"CNTH","url":"https:\/\/cnth.org\/wordpress\/en\/","logo":{"@type":"ImageObject","inLanguage":"fr-FR","@id":"https:\/\/cnth.org\/wordpress\/en\/#\/schema\/logo\/image\/","url":"https:\/\/cnth.org\/wordpress\/wp-content\/uploads\/2017\/06\/logo-sur-fond-transparent.png","contentUrl":"https:\/\/cnth.org\/wordpress\/wp-content\/uploads\/2017\/06\/logo-sur-fond-transparent.png","width":249,"height":243,"caption":"CNTH"},"image":{"@id":"https:\/\/cnth.org\/wordpress\/en\/#\/schema\/logo\/image\/"}}]}},"_links":{"self":[{"href":"https:\/\/cnth.org\/wordpress\/wp-json\/wp\/v2\/pages\/1921","targetHints":{"allow":["GET"]}}],"collection":[{"href":"https:\/\/cnth.org\/wordpress\/wp-json\/wp\/v2\/pages"}],"about":[{"href":"https:\/\/cnth.org\/wordpress\/wp-json\/wp\/v2\/types\/page"}],"author":[{"embeddable":true,"href":"https:\/\/cnth.org\/wordpress\/wp-json\/wp\/v2\/users\/1"}],"replies":[{"embeddable":true,"href":"https:\/\/cnth.org\/wordpress\/wp-json\/wp\/v2\/comments?post=1921"}],"version-history":[{"count":5,"href":"https:\/\/cnth.org\/wordpress\/wp-json\/wp\/v2\/pages\/1921\/revisions"}],"predecessor-version":[{"id":2116,"href":"https:\/\/cnth.org\/wordpress\/wp-json\/wp\/v2\/pages\/1921\/revisions\/2116"}],"wp:featuredmedia":[{"embeddable":true,"href":"https:\/\/cnth.org\/wordpress\/wp-json\/wp\/v2\/media\/1901"}],"wp:attachment":[{"href":"https:\/\/cnth.org\/wordpress\/wp-json\/wp\/v2\/media?parent=1921"}],"curies":[{"name":"wp","href":"https:\/\/api.w.org\/{rel}","templated":true}]}}